{"id":10,"date":"2024-07-15T14:31:47","date_gmt":"2024-07-15T14:31:47","guid":{"rendered":"https:\/\/neuroaraucania.com\/?page_id=10"},"modified":"2025-08-07T03:22:46","modified_gmt":"2025-08-07T03:22:46","slug":"inicio","status":"publish","type":"page","link":"https:\/\/neuroaraucania.com\/","title":{"rendered":"Inicio"},"content":{"rendered":"\n<figure class=\"wp-block-image size-large\"><img loading=\"lazy\" decoding=\"async\" width=\"1024\" height=\"198\" src=\"https:\/\/neuroaraucania.com\/wp-content\/uploads\/2025\/07\/bienvenidos-2025-1024x198.png\" alt=\"\" class=\"wp-image-997\" srcset=\"https:\/\/neuroaraucania.com\/wp-content\/uploads\/2025\/07\/bienvenidos-2025-1024x198.png 1024w, https:\/\/neuroaraucania.com\/wp-content\/uploads\/2025\/07\/bienvenidos-2025-300x58.png 300w, https:\/\/neuroaraucania.com\/wp-content\/uploads\/2025\/07\/bienvenidos-2025-768x149.png 768w, https:\/\/neuroaraucania.com\/wp-content\/uploads\/2025\/07\/bienvenidos-2025-1536x297.png 1536w, https:\/\/neuroaraucania.com\/wp-content\/uploads\/2025\/07\/bienvenidos-2025.png 1540w\" sizes=\"auto, (max-width: 767px) 89vw, (max-width: 1000px) 54vw, (max-width: 1071px) 543px, 580px\" \/><\/figure>\n\n\n\n<p>Ponemos a disposici\u00f3n todos los recursos para la capacitaci\u00f3n y actualizaci\u00f3n de conocimientos en Neurorehabilitaci\u00f3n.<\/p>\n\n\n\n<p class=\"has-white-color has-text-color has-link-color wp-elements-7e4ac651328708ea719ac0894fa30934\">.<\/p>\n\n\n\n<hr class=\"wp-block-separator has-alpha-channel-opacity is-style-wide\"\/>\n\n\n\n<figure class=\"wp-block-image size-large\"><img loading=\"lazy\" decoding=\"async\" width=\"757\" height=\"1024\" src=\"https:\/\/neuroaraucania.com\/wp-content\/uploads\/2025\/08\/archivo-web-libro-757x1024.png\" alt=\"\" class=\"wp-image-1011\" srcset=\"https:\/\/neuroaraucania.com\/wp-content\/uploads\/2025\/08\/archivo-web-libro-757x1024.png 757w, https:\/\/neuroaraucania.com\/wp-content\/uploads\/2025\/08\/archivo-web-libro-222x300.png 222w, https:\/\/neuroaraucania.com\/wp-content\/uploads\/2025\/08\/archivo-web-libro-768x1039.png 768w, https:\/\/neuroaraucania.com\/wp-content\/uploads\/2025\/08\/archivo-web-libro-1135x1536.png 1135w, https:\/\/neuroaraucania.com\/wp-content\/uploads\/2025\/08\/archivo-web-libro.png 1326w\" sizes=\"auto, (max-width: 706px) 89vw, (max-width: 767px) 82vw, 740px\" \/><\/figure>\n\n\n\n<p class=\"has-white-color has-text-color has-link-color wp-elements-5d385ad88106469bc6bb54e9fa058e7c\">&#8230;&#8230;<\/p>\n\n\n\n<p>Reserva tu ejemplar llenado el <a href=\"https:\/\/docs.google.com\/forms\/d\/e\/1FAIpQLSdpC-GTUFKZCCNUcVuK9E_YOiomObh3aV6zy-fTuZQbhHo11g\/viewform\"><mark style=\"background-color:rgba(0, 0, 0, 0)\" class=\"has-inline-color has-vivid-red-color\">Formulario de Inscripci\u00f3n<\/mark> <strong><mark style=\"background-color:rgba(0, 0, 0, 0)\" class=\"has-inline-color has-vivid-red-color\">AQU\u00cd<\/mark><\/strong><\/a><\/p>\n\n\n\n<p><\/p>\n\n\n\n<hr class=\"wp-block-separator has-alpha-channel-opacity is-style-wide\"\/>\n\n\n\n<p>Ahora disponible para descargar en PDF la Presentaci\u00f3n del Webinar de Abril 2025, titulado <strong> \u00abACV en etapa cr\u00f3nica: Estrategias Terap\u00e9uticas y Tecnolog\u00edas para la Rehabilitaci\u00f3n en casa\u00bb.<\/strong><br>Agradecemos al Dr. Juan Pablo Appelgren G. su buena disposici\u00f3n al compartir este documento.<\/p>\n\n\n\n<div class=\"wp-block-group is-content-justification-center is-nowrap is-layout-flex wp-container-core-group-is-layout-94bc23d7 wp-block-group-is-layout-flex\">\n<figure class=\"wp-block-image size-large is-resized\"><img loading=\"lazy\" decoding=\"async\" width=\"1024\" height=\"714\" src=\"https:\/\/neuroaraucania.com\/wp-content\/uploads\/2025\/05\/presentacion-webinar-abril-2025-1024x714.jpg\" alt=\"\" class=\"wp-image-944\" style=\"width:531px;height:auto\" srcset=\"https:\/\/neuroaraucania.com\/wp-content\/uploads\/2025\/05\/presentacion-webinar-abril-2025-1024x714.jpg 1024w, https:\/\/neuroaraucania.com\/wp-content\/uploads\/2025\/05\/presentacion-webinar-abril-2025-300x209.jpg 300w, https:\/\/neuroaraucania.com\/wp-content\/uploads\/2025\/05\/presentacion-webinar-abril-2025-768x536.jpg 768w, https:\/\/neuroaraucania.com\/wp-content\/uploads\/2025\/05\/presentacion-webinar-abril-2025-1536x1071.jpg 1536w, https:\/\/neuroaraucania.com\/wp-content\/uploads\/2025\/05\/presentacion-webinar-abril-2025-2048x1429.jpg 2048w\" sizes=\"auto, (max-width: 767px) 89vw, (max-width: 1000px) 54vw, (max-width: 1071px) 543px, 580px\" \/><\/figure>\n\n\n\n<figure class=\"wp-block-image size-large is-resized\"><a href=\"https:\/\/cuk.cl\/wp-content\/uploads\/2025\/05\/Presentacion-NeuroWebinar-abril-2025.pdf\"><img loading=\"lazy\" decoding=\"async\" width=\"767\" height=\"1024\" src=\"https:\/\/neuroaraucania.com\/wp-content\/uploads\/2025\/05\/icono-descarga-767x1024.jpg\" alt=\"\" class=\"wp-image-901\" style=\"width:136px;height:auto\" srcset=\"https:\/\/neuroaraucania.com\/wp-content\/uploads\/2025\/05\/icono-descarga-767x1024.jpg 767w, https:\/\/neuroaraucania.com\/wp-content\/uploads\/2025\/05\/icono-descarga-225x300.jpg 225w, https:\/\/neuroaraucania.com\/wp-content\/uploads\/2025\/05\/icono-descarga-768x1025.jpg 768w, https:\/\/neuroaraucania.com\/wp-content\/uploads\/2025\/05\/icono-descarga-1151x1536.jpg 1151w, https:\/\/neuroaraucania.com\/wp-content\/uploads\/2025\/05\/icono-descarga.jpg 1180w\" sizes=\"auto, (max-width: 767px) 89vw, (max-width: 1000px) 54vw, (max-width: 1071px) 543px, 580px\" \/><\/a><\/figure>\n<\/div>\n\n\n\n<p class=\"has-white-color has-text-color has-link-color wp-elements-7e4ac651328708ea719ac0894fa30934\">.<\/p>\n\n\n\n<p class=\"has-white-color has-text-color has-link-color wp-elements-c645e628e62f8fbab9d9726851472d16\"><\/p>\n","protected":false},"excerpt":{"rendered":"<p>Ponemos a disposici\u00f3n todos los recursos para la capacitaci\u00f3n y actualizaci\u00f3n de conocimientos en Neurorehabilitaci\u00f3n. . &#8230;&#8230; Reserva tu ejemplar llenado el Formulario de Inscripci\u00f3n AQU\u00cd Ahora disponible para descargar en PDF la Presentaci\u00f3n del Webinar de Abril 2025, titulado \u00abACV en etapa cr\u00f3nica: Estrategias Terap\u00e9uticas y Tecnolog\u00edas para la Rehabilitaci\u00f3n en casa\u00bb.Agradecemos al Dr. &hellip; <\/p>\n<p class=\"link-more\"><a href=\"https:\/\/neuroaraucania.com\/\" class=\"more-link\">Continuar leyendo<span class=\"screen-reader-text\"> \u00abInicio\u00bb<\/span><\/a><\/p>\n","protected":false},"author":1,"featured_media":0,"parent":0,"menu_order":0,"comment_status":"closed","ping_status":"closed","template":"","meta":{"footnotes":""},"class_list":["post-10","page","type-page","status-publish","hentry"],"yoast_head":"<!-- This site is optimized with the Yoast SEO plugin v23.0 - https:\/\/yoast.com\/wordpress\/plugins\/seo\/ -->\n<title>Inicio - Red NeuroRehabilitaci\u00f3n<\/title>\n<meta name=\"robots\" content=\"index, follow, max-snippet:-1, max-image-preview:large, max-video-preview:-1\" \/>\n<link rel=\"canonical\" href=\"https:\/\/neuroaraucania.com\/\" \/>\n<meta property=\"og:locale\" content=\"es_ES\" \/>\n<meta property=\"og:type\" content=\"article\" \/>\n<meta property=\"og:title\" content=\"Inicio - Red NeuroRehabilitaci\u00f3n\" \/>\n<meta property=\"og:description\" content=\"Ponemos a disposici\u00f3n todos los recursos para la capacitaci\u00f3n y actualizaci\u00f3n de conocimientos en Neurorehabilitaci\u00f3n. . &#8230;&#8230; Reserva tu ejemplar llenado el Formulario de Inscripci\u00f3n AQU\u00cd Ahora disponible para descargar en PDF la Presentaci\u00f3n del Webinar de Abril 2025, titulado \u00abACV en etapa cr\u00f3nica: Estrategias Terap\u00e9uticas y Tecnolog\u00edas para la Rehabilitaci\u00f3n en casa\u00bb.Agradecemos al Dr. &hellip; Continuar leyendo &quot;Inicio&quot;\" \/>\n<meta property=\"og:url\" content=\"https:\/\/neuroaraucania.com\/\" \/>\n<meta property=\"og:site_name\" content=\"Red NeuroRehabilitaci\u00f3n\" \/>\n<meta property=\"article:modified_time\" content=\"2025-08-07T03:22:46+00:00\" \/>\n<meta property=\"og:image\" content=\"https:\/\/neuroaraucania.com\/wp-content\/uploads\/2025\/07\/bienvenidos-2025-1024x198.png\" \/>\n<meta name=\"twitter:card\" content=\"summary_large_image\" \/>\n<meta name=\"twitter:label1\" content=\"Tiempo de lectura\" \/>\n\t<meta name=\"twitter:data1\" content=\"2 minutos\" \/>\n<script type=\"application\/ld+json\" class=\"yoast-schema-graph\">{\"@context\":\"https:\/\/schema.org\",\"@graph\":[{\"@type\":\"WebPage\",\"@id\":\"https:\/\/neuroaraucania.com\/\",\"url\":\"https:\/\/neuroaraucania.com\/\",\"name\":\"Inicio - Red NeuroRehabilitaci\u00f3n\",\"isPartOf\":{\"@id\":\"https:\/\/neuroaraucania.com\/#website\"},\"primaryImageOfPage\":{\"@id\":\"https:\/\/neuroaraucania.com\/#primaryimage\"},\"image\":{\"@id\":\"https:\/\/neuroaraucania.com\/#primaryimage\"},\"thumbnailUrl\":\"https:\/\/neuroaraucania.com\/wp-content\/uploads\/2025\/07\/bienvenidos-2025-1024x198.png\",\"datePublished\":\"2024-07-15T14:31:47+00:00\",\"dateModified\":\"2025-08-07T03:22:46+00:00\",\"breadcrumb\":{\"@id\":\"https:\/\/neuroaraucania.com\/#breadcrumb\"},\"inLanguage\":\"es\",\"potentialAction\":[{\"@type\":\"ReadAction\",\"target\":[\"https:\/\/neuroaraucania.com\/\"]}]},{\"@type\":\"ImageObject\",\"inLanguage\":\"es\",\"@id\":\"https:\/\/neuroaraucania.com\/#primaryimage\",\"url\":\"https:\/\/neuroaraucania.com\/wp-content\/uploads\/2025\/07\/bienvenidos-2025.png\",\"contentUrl\":\"https:\/\/neuroaraucania.com\/wp-content\/uploads\/2025\/07\/bienvenidos-2025.png\",\"width\":1540,\"height\":298},{\"@type\":\"BreadcrumbList\",\"@id\":\"https:\/\/neuroaraucania.com\/#breadcrumb\",\"itemListElement\":[{\"@type\":\"ListItem\",\"position\":1,\"name\":\"Portada\",\"item\":\"https:\/\/neuroaraucania.com\/\"},{\"@type\":\"ListItem\",\"position\":2,\"name\":\"Inicio\"}]},{\"@type\":\"WebSite\",\"@id\":\"https:\/\/neuroaraucania.com\/#website\",\"url\":\"https:\/\/neuroaraucania.com\/\",\"name\":\"Red NeuroRehabilitaci\u00f3n\",\"description\":\"Araucan\u00eda\",\"publisher\":{\"@id\":\"https:\/\/neuroaraucania.com\/#organization\"},\"potentialAction\":[{\"@type\":\"SearchAction\",\"target\":{\"@type\":\"EntryPoint\",\"urlTemplate\":\"https:\/\/neuroaraucania.com\/?s={search_term_string}\"},\"query-input\":\"required name=search_term_string\"}],\"inLanguage\":\"es\"},{\"@type\":\"Organization\",\"@id\":\"https:\/\/neuroaraucania.com\/#organization\",\"name\":\"Red NeuroRehabilitaci\u00f3n\",\"url\":\"https:\/\/neuroaraucania.com\/\",\"logo\":{\"@type\":\"ImageObject\",\"inLanguage\":\"es\",\"@id\":\"https:\/\/neuroaraucania.com\/#\/schema\/logo\/image\/\",\"url\":\"https:\/\/neuroaraucania.com\/wp-content\/uploads\/2024\/07\/cropped-logodelsitio.png\",\"contentUrl\":\"https:\/\/neuroaraucania.com\/wp-content\/uploads\/2024\/07\/cropped-logodelsitio.png\",\"width\":250,\"height\":250,\"caption\":\"Red NeuroRehabilitaci\u00f3n\"},\"image\":{\"@id\":\"https:\/\/neuroaraucania.com\/#\/schema\/logo\/image\/\"}}]}<\/script>\n<!-- \/ Yoast SEO plugin. -->","yoast_head_json":{"title":"Inicio - Red NeuroRehabilitaci\u00f3n","robots":{"index":"index","follow":"follow","max-snippet":"max-snippet:-1","max-image-preview":"max-image-preview:large","max-video-preview":"max-video-preview:-1"},"canonical":"https:\/\/neuroaraucania.com\/","og_locale":"es_ES","og_type":"article","og_title":"Inicio - Red NeuroRehabilitaci\u00f3n","og_description":"Ponemos a disposici\u00f3n todos los recursos para la capacitaci\u00f3n y actualizaci\u00f3n de conocimientos en Neurorehabilitaci\u00f3n. . &#8230;&#8230; Reserva tu ejemplar llenado el Formulario de Inscripci\u00f3n AQU\u00cd Ahora disponible para descargar en PDF la Presentaci\u00f3n del Webinar de Abril 2025, titulado \u00abACV en etapa cr\u00f3nica: Estrategias Terap\u00e9uticas y Tecnolog\u00edas para la Rehabilitaci\u00f3n en casa\u00bb.Agradecemos al Dr. &hellip; Continuar leyendo \"Inicio\"","og_url":"https:\/\/neuroaraucania.com\/","og_site_name":"Red NeuroRehabilitaci\u00f3n","article_modified_time":"2025-08-07T03:22:46+00:00","og_image":[{"url":"https:\/\/neuroaraucania.com\/wp-content\/uploads\/2025\/07\/bienvenidos-2025-1024x198.png"}],"twitter_card":"summary_large_image","twitter_misc":{"Tiempo de lectura":"2 minutos"},"schema":{"@context":"https:\/\/schema.org","@graph":[{"@type":"WebPage","@id":"https:\/\/neuroaraucania.com\/","url":"https:\/\/neuroaraucania.com\/","name":"Inicio - Red NeuroRehabilitaci\u00f3n","isPartOf":{"@id":"https:\/\/neuroaraucania.com\/#website"},"primaryImageOfPage":{"@id":"https:\/\/neuroaraucania.com\/#primaryimage"},"image":{"@id":"https:\/\/neuroaraucania.com\/#primaryimage"},"thumbnailUrl":"https:\/\/neuroaraucania.com\/wp-content\/uploads\/2025\/07\/bienvenidos-2025-1024x198.png","datePublished":"2024-07-15T14:31:47+00:00","dateModified":"2025-08-07T03:22:46+00:00","breadcrumb":{"@id":"https:\/\/neuroaraucania.com\/#breadcrumb"},"inLanguage":"es","potentialAction":[{"@type":"ReadAction","target":["https:\/\/neuroaraucania.com\/"]}]},{"@type":"ImageObject","inLanguage":"es","@id":"https:\/\/neuroaraucania.com\/#primaryimage","url":"https:\/\/neuroaraucania.com\/wp-content\/uploads\/2025\/07\/bienvenidos-2025.png","contentUrl":"https:\/\/neuroaraucania.com\/wp-content\/uploads\/2025\/07\/bienvenidos-2025.png","width":1540,"height":298},{"@type":"BreadcrumbList","@id":"https:\/\/neuroaraucania.com\/#breadcrumb","itemListElement":[{"@type":"ListItem","position":1,"name":"Portada","item":"https:\/\/neuroaraucania.com\/"},{"@type":"ListItem","position":2,"name":"Inicio"}]},{"@type":"WebSite","@id":"https:\/\/neuroaraucania.com\/#website","url":"https:\/\/neuroaraucania.com\/","name":"Red NeuroRehabilitaci\u00f3n","description":"Araucan\u00eda","publisher":{"@id":"https:\/\/neuroaraucania.com\/#organization"},"potentialAction":[{"@type":"SearchAction","target":{"@type":"EntryPoint","urlTemplate":"https:\/\/neuroaraucania.com\/?s={search_term_string}"},"query-input":"required name=search_term_string"}],"inLanguage":"es"},{"@type":"Organization","@id":"https:\/\/neuroaraucania.com\/#organization","name":"Red NeuroRehabilitaci\u00f3n","url":"https:\/\/neuroaraucania.com\/","logo":{"@type":"ImageObject","inLanguage":"es","@id":"https:\/\/neuroaraucania.com\/#\/schema\/logo\/image\/","url":"https:\/\/neuroaraucania.com\/wp-content\/uploads\/2024\/07\/cropped-logodelsitio.png","contentUrl":"https:\/\/neuroaraucania.com\/wp-content\/uploads\/2024\/07\/cropped-logodelsitio.png","width":250,"height":250,"caption":"Red NeuroRehabilitaci\u00f3n"},"image":{"@id":"https:\/\/neuroaraucania.com\/#\/schema\/logo\/image\/"}}]}},"_links":{"self":[{"href":"https:\/\/neuroaraucania.com\/index.php?rest_route=\/wp\/v2\/pages\/10","targetHints":{"allow":["GET"]}}],"collection":[{"href":"https:\/\/neuroaraucania.com\/index.php?rest_route=\/wp\/v2\/pages"}],"about":[{"href":"https:\/\/neuroaraucania.com\/index.php?rest_route=\/wp\/v2\/types\/page"}],"author":[{"embeddable":true,"href":"https:\/\/neuroaraucania.com\/index.php?rest_route=\/wp\/v2\/users\/1"}],"replies":[{"embeddable":true,"href":"https:\/\/neuroaraucania.com\/index.php?rest_route=%2Fwp%2Fv2%2Fcomments&post=10"}],"version-history":[{"count":115,"href":"https:\/\/neuroaraucania.com\/index.php?rest_route=\/wp\/v2\/pages\/10\/revisions"}],"predecessor-version":[{"id":1012,"href":"https:\/\/neuroaraucania.com\/index.php?rest_route=\/wp\/v2\/pages\/10\/revisions\/1012"}],"wp:attachment":[{"href":"https:\/\/neuroaraucania.com\/index.php?rest_route=%2Fwp%2Fv2%2Fmedia&parent=10"}],"curies":[{"name":"wp","href":"https:\/\/api.w.org\/{rel}","templated":true}]}}