{"id":101,"date":"2024-07-15T22:05:46","date_gmt":"2024-07-15T22:05:46","guid":{"rendered":"https:\/\/neuroaraucania.com\/?page_id=101"},"modified":"2024-07-26T18:00:38","modified_gmt":"2024-07-26T18:00:38","slug":"directorio-2","status":"publish","type":"page","link":"https:\/\/neuroaraucania.com\/?page_id=101","title":{"rendered":"Directorio"},"content":{"rendered":"\n<p class=\"has-text-color has-background has-link-color wp-elements-bd73b1b4800664febc50b7797e34e985\" style=\"color:#135284;background-color:#bed9e3;font-size:30px;line-height:1.2\"><strong>Conoce a nuestra directiva<\/strong><\/p>\n\n\n\n<div class=\"wp-block-media-text is-stacked-on-mobile\"><figure class=\"wp-block-media-text__media\"><img loading=\"lazy\" decoding=\"async\" width=\"780\" height=\"1024\" src=\"https:\/\/neuroaraucania.com\/wp-content\/uploads\/2024\/07\/arlett-dousoluin-780x1024.jpg\" alt=\"\" class=\"wp-image-106 size-full\" srcset=\"https:\/\/neuroaraucania.com\/wp-content\/uploads\/2024\/07\/arlett-dousoluin-780x1024.jpg 780w, https:\/\/neuroaraucania.com\/wp-content\/uploads\/2024\/07\/arlett-dousoluin-228x300.jpg 228w, https:\/\/neuroaraucania.com\/wp-content\/uploads\/2024\/07\/arlett-dousoluin-768x1008.jpg 768w, https:\/\/neuroaraucania.com\/wp-content\/uploads\/2024\/07\/arlett-dousoluin.jpg 907w\" sizes=\"auto, (max-width: 767px) 89vw, (max-width: 1000px) 54vw, (max-width: 1071px) 543px, 580px\" \/><\/figure><div class=\"wp-block-media-text__content\">\n<p><strong><mark style=\"background-color:rgba(0, 0, 0, 0);color:#2358ab\" class=\"has-inline-color\">PRESIDENTA<\/mark><\/strong><br><strong>Arlette Doussoulin S.<\/strong><br>PhD. MSc. Klgo.<br>Profesor Asociado<br>Dpto. Ciencias de la Rehabilitaci\u00f3n<br>Universidad de La Frontera<br>Temuco &#8211; Chile<\/p>\n<\/div><\/div>\n\n\n\n<div class=\"wp-block-media-text is-stacked-on-mobile\"><figure class=\"wp-block-media-text__media\"><img loading=\"lazy\" decoding=\"async\" width=\"780\" height=\"1024\" src=\"https:\/\/neuroaraucania.com\/wp-content\/uploads\/2024\/07\/mauro-obreque-780x1024.jpg\" alt=\"\" class=\"wp-image-107 size-full\" srcset=\"https:\/\/neuroaraucania.com\/wp-content\/uploads\/2024\/07\/mauro-obreque-780x1024.jpg 780w, https:\/\/neuroaraucania.com\/wp-content\/uploads\/2024\/07\/mauro-obreque-228x300.jpg 228w, https:\/\/neuroaraucania.com\/wp-content\/uploads\/2024\/07\/mauro-obreque-768x1008.jpg 768w, https:\/\/neuroaraucania.com\/wp-content\/uploads\/2024\/07\/mauro-obreque.jpg 907w\" sizes=\"auto, (max-width: 767px) 89vw, (max-width: 1000px) 54vw, (max-width: 1071px) 543px, 580px\" \/><\/figure><div class=\"wp-block-media-text__content\">\n<p><strong><mark style=\"background-color:rgba(0, 0, 0, 0);color:#2358ab\" class=\"has-inline-color\">Vice PRESIDENTE<\/mark><\/strong><br><strong>Mauro Obreque Q.<\/strong><br>Klgo.<br>Magister en Terapia F\u00edsica<br>Acad\u00e9mico UCT<br>Chile<\/p>\n<\/div><\/div>\n\n\n\n<div class=\"wp-block-media-text is-stacked-on-mobile\"><figure class=\"wp-block-media-text__media\"><img loading=\"lazy\" decoding=\"async\" width=\"780\" height=\"1024\" src=\"https:\/\/neuroaraucania.com\/wp-content\/uploads\/2024\/07\/Paula-munoz-780x1024.jpg\" alt=\"\" class=\"wp-image-109 size-full\" srcset=\"https:\/\/neuroaraucania.com\/wp-content\/uploads\/2024\/07\/Paula-munoz-780x1024.jpg 780w, https:\/\/neuroaraucania.com\/wp-content\/uploads\/2024\/07\/Paula-munoz-228x300.jpg 228w, https:\/\/neuroaraucania.com\/wp-content\/uploads\/2024\/07\/Paula-munoz-768x1008.jpg 768w, https:\/\/neuroaraucania.com\/wp-content\/uploads\/2024\/07\/Paula-munoz.jpg 907w\" sizes=\"auto, (max-width: 767px) 89vw, (max-width: 1000px) 54vw, (max-width: 1071px) 543px, 580px\" \/><\/figure><div class=\"wp-block-media-text__content\">\n<p><strong><mark style=\"background-color:rgba(0, 0, 0, 0);color:#2358ab\" class=\"has-inline-color\">SECRETARIA<\/mark><\/strong><br><strong>Paula Mu\u00f1oz A.<\/strong><br>Klga.<br>Magister en Terapia F\u00edsica<br>Telet\u00f3n Temuco<br>Chile<\/p>\n<\/div><\/div>\n\n\n\n<div class=\"wp-block-media-text is-stacked-on-mobile\"><figure class=\"wp-block-media-text__media\"><img loading=\"lazy\" decoding=\"async\" width=\"780\" height=\"1024\" src=\"https:\/\/neuroaraucania.com\/wp-content\/uploads\/2024\/07\/Pilar-adasme-marco-780x1024.jpg\" alt=\"\" class=\"wp-image-112 size-full\" srcset=\"https:\/\/neuroaraucania.com\/wp-content\/uploads\/2024\/07\/Pilar-adasme-marco-780x1024.jpg 780w, https:\/\/neuroaraucania.com\/wp-content\/uploads\/2024\/07\/Pilar-adasme-marco-228x300.jpg 228w, https:\/\/neuroaraucania.com\/wp-content\/uploads\/2024\/07\/Pilar-adasme-marco-768x1008.jpg 768w, https:\/\/neuroaraucania.com\/wp-content\/uploads\/2024\/07\/Pilar-adasme-marco.jpg 907w\" sizes=\"auto, (max-width: 767px) 89vw, (max-width: 1000px) 54vw, (max-width: 1071px) 543px, 580px\" \/><\/figure><div class=\"wp-block-media-text__content\">\n<p><strong><mark style=\"background-color:rgba(0, 0, 0, 0);color:#2358ab\" class=\"has-inline-color\">TESORERA<\/mark><\/strong><br><strong>Pilar Adasme W .<\/strong><br>Klga.<br>Acad\u00e9mico U. Mayor<br>Temuco &#8211; Chile<\/p>\n<\/div><\/div>\n","protected":false},"excerpt":{"rendered":"<p>Conoce a nuestra directiva PRESIDENTAArlette Doussoulin S.PhD. MSc. Klgo.Profesor AsociadoDpto. Ciencias de la Rehabilitaci\u00f3nUniversidad de La FronteraTemuco &#8211; Chile Vice PRESIDENTEMauro Obreque Q.Klgo.Magister en Terapia F\u00edsicaAcad\u00e9mico UCTChile SECRETARIAPaula Mu\u00f1oz A.Klga.Magister en Terapia F\u00edsicaTelet\u00f3n TemucoChile TESORERAPilar Adasme W .Klga.Acad\u00e9mico U. MayorTemuco &#8211; Chile<\/p>\n","protected":false},"author":1,"featured_media":0,"parent":0,"menu_order":0,"comment_status":"closed","ping_status":"closed","template":"","meta":{"footnotes":""},"class_list":["post-101","page","type-page","status-publish","hentry"],"yoast_head":"<!-- This site is optimized with the Yoast SEO plugin v23.0 - https:\/\/yoast.com\/wordpress\/plugins\/seo\/ -->\n<title>Directorio - Red NeuroRehabilitaci\u00f3n<\/title>\n<meta name=\"robots\" content=\"index, follow, max-snippet:-1, max-image-preview:large, max-video-preview:-1\" \/>\n<link rel=\"canonical\" href=\"https:\/\/neuroaraucania.com\/?page_id=101\" \/>\n<meta property=\"og:locale\" content=\"es_ES\" \/>\n<meta property=\"og:type\" content=\"article\" \/>\n<meta property=\"og:title\" content=\"Directorio - Red NeuroRehabilitaci\u00f3n\" \/>\n<meta property=\"og:description\" content=\"Conoce a nuestra directiva PRESIDENTAArlette Doussoulin S.PhD. MSc. Klgo.Profesor AsociadoDpto. Ciencias de la Rehabilitaci\u00f3nUniversidad de La FronteraTemuco &#8211; Chile Vice PRESIDENTEMauro Obreque Q.Klgo.Magister en Terapia F\u00edsicaAcad\u00e9mico UCTChile SECRETARIAPaula Mu\u00f1oz A.Klga.Magister en Terapia F\u00edsicaTelet\u00f3n TemucoChile TESORERAPilar Adasme W .Klga.Acad\u00e9mico U. MayorTemuco &#8211; Chile\" \/>\n<meta property=\"og:url\" content=\"https:\/\/neuroaraucania.com\/?page_id=101\" \/>\n<meta property=\"og:site_name\" content=\"Red NeuroRehabilitaci\u00f3n\" \/>\n<meta property=\"article:modified_time\" content=\"2024-07-26T18:00:38+00:00\" \/>\n<meta property=\"og:image\" content=\"https:\/\/neuroaraucania.com\/wp-content\/uploads\/2024\/07\/arlett-dousoluin-780x1024.jpg\" \/>\n<meta name=\"twitter:card\" content=\"summary_large_image\" \/>\n<meta name=\"twitter:label1\" content=\"Tiempo de lectura\" \/>\n\t<meta name=\"twitter:data1\" content=\"2 minutos\" \/>\n<script type=\"application\/ld+json\" class=\"yoast-schema-graph\">{\"@context\":\"https:\/\/schema.org\",\"@graph\":[{\"@type\":\"WebPage\",\"@id\":\"https:\/\/neuroaraucania.com\/?page_id=101\",\"url\":\"https:\/\/neuroaraucania.com\/?page_id=101\",\"name\":\"Directorio - Red NeuroRehabilitaci\u00f3n\",\"isPartOf\":{\"@id\":\"https:\/\/neuroaraucania.com\/#website\"},\"primaryImageOfPage\":{\"@id\":\"https:\/\/neuroaraucania.com\/?page_id=101#primaryimage\"},\"image\":{\"@id\":\"https:\/\/neuroaraucania.com\/?page_id=101#primaryimage\"},\"thumbnailUrl\":\"https:\/\/neuroaraucania.com\/wp-content\/uploads\/2024\/07\/arlett-dousoluin-780x1024.jpg\",\"datePublished\":\"2024-07-15T22:05:46+00:00\",\"dateModified\":\"2024-07-26T18:00:38+00:00\",\"breadcrumb\":{\"@id\":\"https:\/\/neuroaraucania.com\/?page_id=101#breadcrumb\"},\"inLanguage\":\"es\",\"potentialAction\":[{\"@type\":\"ReadAction\",\"target\":[\"https:\/\/neuroaraucania.com\/?page_id=101\"]}]},{\"@type\":\"ImageObject\",\"inLanguage\":\"es\",\"@id\":\"https:\/\/neuroaraucania.com\/?page_id=101#primaryimage\",\"url\":\"https:\/\/neuroaraucania.com\/wp-content\/uploads\/2024\/07\/arlett-dousoluin.jpg\",\"contentUrl\":\"https:\/\/neuroaraucania.com\/wp-content\/uploads\/2024\/07\/arlett-dousoluin.jpg\",\"width\":907,\"height\":1191},{\"@type\":\"BreadcrumbList\",\"@id\":\"https:\/\/neuroaraucania.com\/?page_id=101#breadcrumb\",\"itemListElement\":[{\"@type\":\"ListItem\",\"position\":1,\"name\":\"Portada\",\"item\":\"https:\/\/neuroaraucania.com\/\"},{\"@type\":\"ListItem\",\"position\":2,\"name\":\"Directorio\"}]},{\"@type\":\"WebSite\",\"@id\":\"https:\/\/neuroaraucania.com\/#website\",\"url\":\"https:\/\/neuroaraucania.com\/\",\"name\":\"Red NeuroRehabilitaci\u00f3n\",\"description\":\"Araucan\u00eda\",\"publisher\":{\"@id\":\"https:\/\/neuroaraucania.com\/#organization\"},\"potentialAction\":[{\"@type\":\"SearchAction\",\"target\":{\"@type\":\"EntryPoint\",\"urlTemplate\":\"https:\/\/neuroaraucania.com\/?s={search_term_string}\"},\"query-input\":\"required name=search_term_string\"}],\"inLanguage\":\"es\"},{\"@type\":\"Organization\",\"@id\":\"https:\/\/neuroaraucania.com\/#organization\",\"name\":\"Red NeuroRehabilitaci\u00f3n\",\"url\":\"https:\/\/neuroaraucania.com\/\",\"logo\":{\"@type\":\"ImageObject\",\"inLanguage\":\"es\",\"@id\":\"https:\/\/neuroaraucania.com\/#\/schema\/logo\/image\/\",\"url\":\"https:\/\/neuroaraucania.com\/wp-content\/uploads\/2024\/07\/cropped-logodelsitio.png\",\"contentUrl\":\"https:\/\/neuroaraucania.com\/wp-content\/uploads\/2024\/07\/cropped-logodelsitio.png\",\"width\":250,\"height\":250,\"caption\":\"Red NeuroRehabilitaci\u00f3n\"},\"image\":{\"@id\":\"https:\/\/neuroaraucania.com\/#\/schema\/logo\/image\/\"}}]}<\/script>\n<!-- \/ Yoast SEO plugin. -->","yoast_head_json":{"title":"Directorio - Red NeuroRehabilitaci\u00f3n","robots":{"index":"index","follow":"follow","max-snippet":"max-snippet:-1","max-image-preview":"max-image-preview:large","max-video-preview":"max-video-preview:-1"},"canonical":"https:\/\/neuroaraucania.com\/?page_id=101","og_locale":"es_ES","og_type":"article","og_title":"Directorio - Red NeuroRehabilitaci\u00f3n","og_description":"Conoce a nuestra directiva PRESIDENTAArlette Doussoulin S.PhD. MSc. Klgo.Profesor AsociadoDpto. Ciencias de la Rehabilitaci\u00f3nUniversidad de La FronteraTemuco &#8211; Chile Vice PRESIDENTEMauro Obreque Q.Klgo.Magister en Terapia F\u00edsicaAcad\u00e9mico UCTChile SECRETARIAPaula Mu\u00f1oz A.Klga.Magister en Terapia F\u00edsicaTelet\u00f3n TemucoChile TESORERAPilar Adasme W .Klga.Acad\u00e9mico U. MayorTemuco &#8211; Chile","og_url":"https:\/\/neuroaraucania.com\/?page_id=101","og_site_name":"Red NeuroRehabilitaci\u00f3n","article_modified_time":"2024-07-26T18:00:38+00:00","og_image":[{"url":"https:\/\/neuroaraucania.com\/wp-content\/uploads\/2024\/07\/arlett-dousoluin-780x1024.jpg"}],"twitter_card":"summary_large_image","twitter_misc":{"Tiempo de lectura":"2 minutos"},"schema":{"@context":"https:\/\/schema.org","@graph":[{"@type":"WebPage","@id":"https:\/\/neuroaraucania.com\/?page_id=101","url":"https:\/\/neuroaraucania.com\/?page_id=101","name":"Directorio - Red NeuroRehabilitaci\u00f3n","isPartOf":{"@id":"https:\/\/neuroaraucania.com\/#website"},"primaryImageOfPage":{"@id":"https:\/\/neuroaraucania.com\/?page_id=101#primaryimage"},"image":{"@id":"https:\/\/neuroaraucania.com\/?page_id=101#primaryimage"},"thumbnailUrl":"https:\/\/neuroaraucania.com\/wp-content\/uploads\/2024\/07\/arlett-dousoluin-780x1024.jpg","datePublished":"2024-07-15T22:05:46+00:00","dateModified":"2024-07-26T18:00:38+00:00","breadcrumb":{"@id":"https:\/\/neuroaraucania.com\/?page_id=101#breadcrumb"},"inLanguage":"es","potentialAction":[{"@type":"ReadAction","target":["https:\/\/neuroaraucania.com\/?page_id=101"]}]},{"@type":"ImageObject","inLanguage":"es","@id":"https:\/\/neuroaraucania.com\/?page_id=101#primaryimage","url":"https:\/\/neuroaraucania.com\/wp-content\/uploads\/2024\/07\/arlett-dousoluin.jpg","contentUrl":"https:\/\/neuroaraucania.com\/wp-content\/uploads\/2024\/07\/arlett-dousoluin.jpg","width":907,"height":1191},{"@type":"BreadcrumbList","@id":"https:\/\/neuroaraucania.com\/?page_id=101#breadcrumb","itemListElement":[{"@type":"ListItem","position":1,"name":"Portada","item":"https:\/\/neuroaraucania.com\/"},{"@type":"ListItem","position":2,"name":"Directorio"}]},{"@type":"WebSite","@id":"https:\/\/neuroaraucania.com\/#website","url":"https:\/\/neuroaraucania.com\/","name":"Red NeuroRehabilitaci\u00f3n","description":"Araucan\u00eda","publisher":{"@id":"https:\/\/neuroaraucania.com\/#organization"},"potentialAction":[{"@type":"SearchAction","target":{"@type":"EntryPoint","urlTemplate":"https:\/\/neuroaraucania.com\/?s={search_term_string}"},"query-input":"required name=search_term_string"}],"inLanguage":"es"},{"@type":"Organization","@id":"https:\/\/neuroaraucania.com\/#organization","name":"Red NeuroRehabilitaci\u00f3n","url":"https:\/\/neuroaraucania.com\/","logo":{"@type":"ImageObject","inLanguage":"es","@id":"https:\/\/neuroaraucania.com\/#\/schema\/logo\/image\/","url":"https:\/\/neuroaraucania.com\/wp-content\/uploads\/2024\/07\/cropped-logodelsitio.png","contentUrl":"https:\/\/neuroaraucania.com\/wp-content\/uploads\/2024\/07\/cropped-logodelsitio.png","width":250,"height":250,"caption":"Red NeuroRehabilitaci\u00f3n"},"image":{"@id":"https:\/\/neuroaraucania.com\/#\/schema\/logo\/image\/"}}]}},"_links":{"self":[{"href":"https:\/\/neuroaraucania.com\/index.php?rest_route=\/wp\/v2\/pages\/101","targetHints":{"allow":["GET"]}}],"collection":[{"href":"https:\/\/neuroaraucania.com\/index.php?rest_route=\/wp\/v2\/pages"}],"about":[{"href":"https:\/\/neuroaraucania.com\/index.php?rest_route=\/wp\/v2\/types\/page"}],"author":[{"embeddable":true,"href":"https:\/\/neuroaraucania.com\/index.php?rest_route=\/wp\/v2\/users\/1"}],"replies":[{"embeddable":true,"href":"https:\/\/neuroaraucania.com\/index.php?rest_route=%2Fwp%2Fv2%2Fcomments&post=101"}],"version-history":[{"count":9,"href":"https:\/\/neuroaraucania.com\/index.php?rest_route=\/wp\/v2\/pages\/101\/revisions"}],"predecessor-version":[{"id":366,"href":"https:\/\/neuroaraucania.com\/index.php?rest_route=\/wp\/v2\/pages\/101\/revisions\/366"}],"wp:attachment":[{"href":"https:\/\/neuroaraucania.com\/index.php?rest_route=%2Fwp%2Fv2%2Fmedia&parent=101"}],"curies":[{"name":"wp","href":"https:\/\/api.w.org\/{rel}","templated":true}]}}