{"id":103,"date":"2024-07-15T22:06:20","date_gmt":"2024-07-15T22:06:20","guid":{"rendered":"https:\/\/neuroaraucania.com\/?page_id=103"},"modified":"2024-08-27T02:12:36","modified_gmt":"2024-08-27T02:12:36","slug":"membresia","status":"publish","type":"page","link":"https:\/\/neuroaraucania.com\/?page_id=103","title":{"rendered":"Membres\u00eda"},"content":{"rendered":"\n<figure class=\"wp-block-image size-large\"><img loading=\"lazy\" decoding=\"async\" width=\"1024\" height=\"581\" src=\"https:\/\/neuroaraucania.com\/wp-content\/uploads\/2024\/07\/imagen-miembro-activo-1024x581.png\" alt=\"\" class=\"wp-image-127\" srcset=\"https:\/\/neuroaraucania.com\/wp-content\/uploads\/2024\/07\/imagen-miembro-activo-1024x581.png 1024w, https:\/\/neuroaraucania.com\/wp-content\/uploads\/2024\/07\/imagen-miembro-activo-300x170.png 300w, https:\/\/neuroaraucania.com\/wp-content\/uploads\/2024\/07\/imagen-miembro-activo-768x435.png 768w, https:\/\/neuroaraucania.com\/wp-content\/uploads\/2024\/07\/imagen-miembro-activo.png 1164w\" sizes=\"auto, (max-width: 767px) 89vw, (max-width: 1000px) 54vw, (max-width: 1071px) 543px, 580px\" \/><\/figure>\n\n\n\n<p class=\"has-white-color has-text-color has-background has-link-color has-large-font-size wp-elements-79a5272360ea291f6c3769f89595acc5\" style=\"background-color:#3788c6\"><strong>Membres\u00eda<\/strong><\/p>\n\n\n\n<p><strong>Miembro activo:<\/strong> Es la persona natural mayor de 18 a\u00f1os, vinculada profesionalmente al \u00e1mbito de la Neurorrehabilitaci\u00f3n y que por voluntad propia solicita formar parte de la Red Neuroaraucan\u00eda.<\/p>\n\n\n\n<p>Los miembros poseen tres categor\u00edas:<\/p>\n\n\n\n<p class=\"has-black-color has-text-color has-background has-link-color wp-elements-ef9e52bc7ccbc81873e4724788ce9c33\" style=\"background-color:#b0e0ea\"><strong>Fundadores \/ Directores:<\/strong>&nbsp; Ser\u00e1n aquellas personas que forman parte de la Asamblea de Constituci\u00f3n de la Asociaci\u00f3n, o aquellos elegidos y que forman parte del Directorio. \u200b<\/p>\n\n\n\n<p class=\"has-black-color has-text-color has-background has-link-color wp-elements-28041a57c5950f68604a2510cee1abf7\" style=\"background-color:#b0e0ea\"><strong>Naturales:<\/strong> Ser\u00e1n aquellas personas pertenecientes a la regi\u00f3n de la Araucan\u00eda que no hayan participado en la constituci\u00f3n de la Asociaci\u00f3n o cuya incorporaci\u00f3n se haya realizado con posterioridad a este acto, previa solicitud formal.<\/p>\n\n\n\n<p class=\"has-black-color has-text-color has-background has-link-color wp-elements-927190c6a4d74fdc7510c8cd7e2a92c9\" style=\"background-color:#b0e0ea\"><strong>Asociados: <\/strong>Ser\u00e1n aquellas personas que viven en distintos lugares del pa\u00eds y que manifiestan su inter\u00e9s en trabajar en l\u00ednea con los objetivos de la Red.<\/p>\n\n\n\n<p class=\"has-text-color has-link-color wp-elements-48d88075ceaf1be2b91d2aa6c7569937\" style=\"color:#5111a5\"><strong>IMPORTANTE<\/strong><\/p>\n\n\n\n<p>La categor\u00eda de miembro se pierde al dejar de cancelar la cuota anual o trasgredir las normas de \u00e9tica y de convivencia planteadas en los estatutos.<\/p>\n\n\n\n<p>Los miembros fundadores, naturales y asociados pagan una cuota anual de $20.000, v\u00eda transferencia, que se renueva cada a\u00f1o de manera voluntaria.<\/p>\n\n\n\n<hr class=\"wp-block-separator has-alpha-channel-opacity is-style-wide\"\/>\n\n\n\n<p><\/p>\n\n\n\n<figure class=\"wp-block-image size-full is-resized\"><img loading=\"lazy\" decoding=\"async\" width=\"840\" height=\"527\" src=\"https:\/\/neuroaraucania.com\/wp-content\/uploads\/2024\/07\/honorario-member.jpg\" alt=\"\" class=\"wp-image-128\" style=\"width:674px;height:auto\" srcset=\"https:\/\/neuroaraucania.com\/wp-content\/uploads\/2024\/07\/honorario-member.jpg 840w, https:\/\/neuroaraucania.com\/wp-content\/uploads\/2024\/07\/honorario-member-300x188.jpg 300w, https:\/\/neuroaraucania.com\/wp-content\/uploads\/2024\/07\/honorario-member-768x482.jpg 768w\" sizes=\"auto, (max-width: 767px) 89vw, (max-width: 1000px) 54vw, (max-width: 1071px) 543px, 580px\" \/><\/figure>\n\n\n\n<p class=\"has-white-color has-text-color has-background has-link-color has-large-font-size wp-elements-e18a37a60281335ff5c4a8d19b2cabc1\" style=\"background-color:#3788c6\"><strong>Miembro Honorario<\/strong><\/p>\n\n\n\n<p>Es la persona natural o jur\u00eddica que, por su actuaci\u00f3n destacada al servicio de los intereses de la Asociaci\u00f3n o de los objetivos que ella persigue, haya obtenido esa distinci\u00f3n, en virtud de un acuerdo de la Asamblea General, aceptada por el interesado.<\/p>\n\n\n\n<p><\/p>\n","protected":false},"excerpt":{"rendered":"<p>Membres\u00eda Miembro activo: Es la persona natural mayor de 18 a\u00f1os, vinculada profesionalmente al \u00e1mbito de la Neurorrehabilitaci\u00f3n y que por voluntad propia solicita formar parte de la Red Neuroaraucan\u00eda. Los miembros poseen tres categor\u00edas: Fundadores \/ Directores:&nbsp; Ser\u00e1n aquellas personas que forman parte de la Asamblea de Constituci\u00f3n de la Asociaci\u00f3n, o aquellos elegidos &hellip; <\/p>\n<p class=\"link-more\"><a href=\"https:\/\/neuroaraucania.com\/?page_id=103\" class=\"more-link\">Continuar leyendo<span class=\"screen-reader-text\"> \u00abMembres\u00eda\u00bb<\/span><\/a><\/p>\n","protected":false},"author":1,"featured_media":0,"parent":0,"menu_order":0,"comment_status":"closed","ping_status":"closed","template":"","meta":{"footnotes":""},"class_list":["post-103","page","type-page","status-publish","hentry"],"yoast_head":"<!-- This site is optimized with the Yoast SEO plugin v23.0 - https:\/\/yoast.com\/wordpress\/plugins\/seo\/ -->\n<title>Membres\u00eda - Red NeuroRehabilitaci\u00f3n<\/title>\n<meta name=\"robots\" content=\"index, follow, max-snippet:-1, max-image-preview:large, max-video-preview:-1\" \/>\n<link rel=\"canonical\" href=\"https:\/\/neuroaraucania.com\/?page_id=103\" \/>\n<meta property=\"og:locale\" content=\"es_ES\" \/>\n<meta property=\"og:type\" content=\"article\" \/>\n<meta property=\"og:title\" content=\"Membres\u00eda - Red NeuroRehabilitaci\u00f3n\" \/>\n<meta property=\"og:description\" content=\"Membres\u00eda Miembro activo: Es la persona natural mayor de 18 a\u00f1os, vinculada profesionalmente al \u00e1mbito de la Neurorrehabilitaci\u00f3n y que por voluntad propia solicita formar parte de la Red Neuroaraucan\u00eda. Los miembros poseen tres categor\u00edas: Fundadores \/ Directores:&nbsp; Ser\u00e1n aquellas personas que forman parte de la Asamblea de Constituci\u00f3n de la Asociaci\u00f3n, o aquellos elegidos &hellip; Continuar leyendo &quot;Membres\u00eda&quot;\" \/>\n<meta property=\"og:url\" content=\"https:\/\/neuroaraucania.com\/?page_id=103\" \/>\n<meta property=\"og:site_name\" content=\"Red NeuroRehabilitaci\u00f3n\" \/>\n<meta property=\"article:modified_time\" content=\"2024-08-27T02:12:36+00:00\" \/>\n<meta property=\"og:image\" content=\"https:\/\/neuroaraucania.com\/wp-content\/uploads\/2024\/07\/imagen-miembro-activo-1024x581.png\" \/>\n<meta name=\"twitter:card\" content=\"summary_large_image\" \/>\n<meta name=\"twitter:label1\" content=\"Tiempo de lectura\" \/>\n\t<meta name=\"twitter:data1\" content=\"2 minutos\" \/>\n<script type=\"application\/ld+json\" class=\"yoast-schema-graph\">{\"@context\":\"https:\/\/schema.org\",\"@graph\":[{\"@type\":\"WebPage\",\"@id\":\"https:\/\/neuroaraucania.com\/?page_id=103\",\"url\":\"https:\/\/neuroaraucania.com\/?page_id=103\",\"name\":\"Membres\u00eda - Red NeuroRehabilitaci\u00f3n\",\"isPartOf\":{\"@id\":\"https:\/\/neuroaraucania.com\/#website\"},\"primaryImageOfPage\":{\"@id\":\"https:\/\/neuroaraucania.com\/?page_id=103#primaryimage\"},\"image\":{\"@id\":\"https:\/\/neuroaraucania.com\/?page_id=103#primaryimage\"},\"thumbnailUrl\":\"https:\/\/neuroaraucania.com\/wp-content\/uploads\/2024\/07\/imagen-miembro-activo-1024x581.png\",\"datePublished\":\"2024-07-15T22:06:20+00:00\",\"dateModified\":\"2024-08-27T02:12:36+00:00\",\"breadcrumb\":{\"@id\":\"https:\/\/neuroaraucania.com\/?page_id=103#breadcrumb\"},\"inLanguage\":\"es\",\"potentialAction\":[{\"@type\":\"ReadAction\",\"target\":[\"https:\/\/neuroaraucania.com\/?page_id=103\"]}]},{\"@type\":\"ImageObject\",\"inLanguage\":\"es\",\"@id\":\"https:\/\/neuroaraucania.com\/?page_id=103#primaryimage\",\"url\":\"https:\/\/neuroaraucania.com\/wp-content\/uploads\/2024\/07\/imagen-miembro-activo.png\",\"contentUrl\":\"https:\/\/neuroaraucania.com\/wp-content\/uploads\/2024\/07\/imagen-miembro-activo.png\",\"width\":1164,\"height\":660},{\"@type\":\"BreadcrumbList\",\"@id\":\"https:\/\/neuroaraucania.com\/?page_id=103#breadcrumb\",\"itemListElement\":[{\"@type\":\"ListItem\",\"position\":1,\"name\":\"Portada\",\"item\":\"https:\/\/neuroaraucania.com\/\"},{\"@type\":\"ListItem\",\"position\":2,\"name\":\"Membres\u00eda\"}]},{\"@type\":\"WebSite\",\"@id\":\"https:\/\/neuroaraucania.com\/#website\",\"url\":\"https:\/\/neuroaraucania.com\/\",\"name\":\"Red NeuroRehabilitaci\u00f3n\",\"description\":\"Araucan\u00eda\",\"publisher\":{\"@id\":\"https:\/\/neuroaraucania.com\/#organization\"},\"potentialAction\":[{\"@type\":\"SearchAction\",\"target\":{\"@type\":\"EntryPoint\",\"urlTemplate\":\"https:\/\/neuroaraucania.com\/?s={search_term_string}\"},\"query-input\":\"required name=search_term_string\"}],\"inLanguage\":\"es\"},{\"@type\":\"Organization\",\"@id\":\"https:\/\/neuroaraucania.com\/#organization\",\"name\":\"Red NeuroRehabilitaci\u00f3n\",\"url\":\"https:\/\/neuroaraucania.com\/\",\"logo\":{\"@type\":\"ImageObject\",\"inLanguage\":\"es\",\"@id\":\"https:\/\/neuroaraucania.com\/#\/schema\/logo\/image\/\",\"url\":\"https:\/\/neuroaraucania.com\/wp-content\/uploads\/2024\/07\/cropped-logodelsitio.png\",\"contentUrl\":\"https:\/\/neuroaraucania.com\/wp-content\/uploads\/2024\/07\/cropped-logodelsitio.png\",\"width\":250,\"height\":250,\"caption\":\"Red NeuroRehabilitaci\u00f3n\"},\"image\":{\"@id\":\"https:\/\/neuroaraucania.com\/#\/schema\/logo\/image\/\"}}]}<\/script>\n<!-- \/ Yoast SEO plugin. -->","yoast_head_json":{"title":"Membres\u00eda - Red NeuroRehabilitaci\u00f3n","robots":{"index":"index","follow":"follow","max-snippet":"max-snippet:-1","max-image-preview":"max-image-preview:large","max-video-preview":"max-video-preview:-1"},"canonical":"https:\/\/neuroaraucania.com\/?page_id=103","og_locale":"es_ES","og_type":"article","og_title":"Membres\u00eda - Red NeuroRehabilitaci\u00f3n","og_description":"Membres\u00eda Miembro activo: Es la persona natural mayor de 18 a\u00f1os, vinculada profesionalmente al \u00e1mbito de la Neurorrehabilitaci\u00f3n y que por voluntad propia solicita formar parte de la Red Neuroaraucan\u00eda. Los miembros poseen tres categor\u00edas: Fundadores \/ Directores:&nbsp; Ser\u00e1n aquellas personas que forman parte de la Asamblea de Constituci\u00f3n de la Asociaci\u00f3n, o aquellos elegidos &hellip; Continuar leyendo \"Membres\u00eda\"","og_url":"https:\/\/neuroaraucania.com\/?page_id=103","og_site_name":"Red NeuroRehabilitaci\u00f3n","article_modified_time":"2024-08-27T02:12:36+00:00","og_image":[{"url":"https:\/\/neuroaraucania.com\/wp-content\/uploads\/2024\/07\/imagen-miembro-activo-1024x581.png"}],"twitter_card":"summary_large_image","twitter_misc":{"Tiempo de lectura":"2 minutos"},"schema":{"@context":"https:\/\/schema.org","@graph":[{"@type":"WebPage","@id":"https:\/\/neuroaraucania.com\/?page_id=103","url":"https:\/\/neuroaraucania.com\/?page_id=103","name":"Membres\u00eda - Red NeuroRehabilitaci\u00f3n","isPartOf":{"@id":"https:\/\/neuroaraucania.com\/#website"},"primaryImageOfPage":{"@id":"https:\/\/neuroaraucania.com\/?page_id=103#primaryimage"},"image":{"@id":"https:\/\/neuroaraucania.com\/?page_id=103#primaryimage"},"thumbnailUrl":"https:\/\/neuroaraucania.com\/wp-content\/uploads\/2024\/07\/imagen-miembro-activo-1024x581.png","datePublished":"2024-07-15T22:06:20+00:00","dateModified":"2024-08-27T02:12:36+00:00","breadcrumb":{"@id":"https:\/\/neuroaraucania.com\/?page_id=103#breadcrumb"},"inLanguage":"es","potentialAction":[{"@type":"ReadAction","target":["https:\/\/neuroaraucania.com\/?page_id=103"]}]},{"@type":"ImageObject","inLanguage":"es","@id":"https:\/\/neuroaraucania.com\/?page_id=103#primaryimage","url":"https:\/\/neuroaraucania.com\/wp-content\/uploads\/2024\/07\/imagen-miembro-activo.png","contentUrl":"https:\/\/neuroaraucania.com\/wp-content\/uploads\/2024\/07\/imagen-miembro-activo.png","width":1164,"height":660},{"@type":"BreadcrumbList","@id":"https:\/\/neuroaraucania.com\/?page_id=103#breadcrumb","itemListElement":[{"@type":"ListItem","position":1,"name":"Portada","item":"https:\/\/neuroaraucania.com\/"},{"@type":"ListItem","position":2,"name":"Membres\u00eda"}]},{"@type":"WebSite","@id":"https:\/\/neuroaraucania.com\/#website","url":"https:\/\/neuroaraucania.com\/","name":"Red NeuroRehabilitaci\u00f3n","description":"Araucan\u00eda","publisher":{"@id":"https:\/\/neuroaraucania.com\/#organization"},"potentialAction":[{"@type":"SearchAction","target":{"@type":"EntryPoint","urlTemplate":"https:\/\/neuroaraucania.com\/?s={search_term_string}"},"query-input":"required name=search_term_string"}],"inLanguage":"es"},{"@type":"Organization","@id":"https:\/\/neuroaraucania.com\/#organization","name":"Red NeuroRehabilitaci\u00f3n","url":"https:\/\/neuroaraucania.com\/","logo":{"@type":"ImageObject","inLanguage":"es","@id":"https:\/\/neuroaraucania.com\/#\/schema\/logo\/image\/","url":"https:\/\/neuroaraucania.com\/wp-content\/uploads\/2024\/07\/cropped-logodelsitio.png","contentUrl":"https:\/\/neuroaraucania.com\/wp-content\/uploads\/2024\/07\/cropped-logodelsitio.png","width":250,"height":250,"caption":"Red NeuroRehabilitaci\u00f3n"},"image":{"@id":"https:\/\/neuroaraucania.com\/#\/schema\/logo\/image\/"}}]}},"_links":{"self":[{"href":"https:\/\/neuroaraucania.com\/index.php?rest_route=\/wp\/v2\/pages\/103","targetHints":{"allow":["GET"]}}],"collection":[{"href":"https:\/\/neuroaraucania.com\/index.php?rest_route=\/wp\/v2\/pages"}],"about":[{"href":"https:\/\/neuroaraucania.com\/index.php?rest_route=\/wp\/v2\/types\/page"}],"author":[{"embeddable":true,"href":"https:\/\/neuroaraucania.com\/index.php?rest_route=\/wp\/v2\/users\/1"}],"replies":[{"embeddable":true,"href":"https:\/\/neuroaraucania.com\/index.php?rest_route=%2Fwp%2Fv2%2Fcomments&post=103"}],"version-history":[{"count":8,"href":"https:\/\/neuroaraucania.com\/index.php?rest_route=\/wp\/v2\/pages\/103\/revisions"}],"predecessor-version":[{"id":671,"href":"https:\/\/neuroaraucania.com\/index.php?rest_route=\/wp\/v2\/pages\/103\/revisions\/671"}],"wp:attachment":[{"href":"https:\/\/neuroaraucania.com\/index.php?rest_route=%2Fwp%2Fv2%2Fmedia&parent=103"}],"curies":[{"name":"wp","href":"https:\/\/api.w.org\/{rel}","templated":true}]}}