{"id":130,"date":"2024-07-16T01:26:31","date_gmt":"2024-07-16T01:26:31","guid":{"rendered":"https:\/\/neuroaraucania.com\/?page_id=130"},"modified":"2024-07-17T00:15:43","modified_gmt":"2024-07-17T00:15:43","slug":"areas-de-trabajo","status":"publish","type":"page","link":"https:\/\/neuroaraucania.com\/?page_id=130","title":{"rendered":"\u00c1reas de Trabajo"},"content":{"rendered":"\n<figure class=\"wp-block-image size-large\"><img loading=\"lazy\" decoding=\"async\" width=\"1024\" height=\"672\" src=\"https:\/\/neuroaraucania.com\/wp-content\/uploads\/2024\/07\/areaA-1024x672.jpg\" alt=\"\" class=\"wp-image-131\" srcset=\"https:\/\/neuroaraucania.com\/wp-content\/uploads\/2024\/07\/areaA-1024x672.jpg 1024w, https:\/\/neuroaraucania.com\/wp-content\/uploads\/2024\/07\/areaA-300x197.jpg 300w, https:\/\/neuroaraucania.com\/wp-content\/uploads\/2024\/07\/areaA-768x504.jpg 768w, https:\/\/neuroaraucania.com\/wp-content\/uploads\/2024\/07\/areaA-1536x1008.jpg 1536w, https:\/\/neuroaraucania.com\/wp-content\/uploads\/2024\/07\/areaA.jpg 1890w\" sizes=\"auto, (max-width: 767px) 89vw, (max-width: 1000px) 54vw, (max-width: 1071px) 543px, 580px\" \/><\/figure>\n\n\n\n<p><\/p>\n\n\n\n<p class=\"has-text-color has-link-color wp-elements-edbcc737eff813fd28d05dcb28581aca\" style=\"color:#153885\"><strong><mark style=\"background-color:rgba(0, 0, 0, 0);color:#17469d\" class=\"has-inline-color\">\u00c1reas de trabajo<\/mark><\/strong><\/p>\n\n\n\n<p>El equipo de profesionales que conforma la Red de Neurorehabilitaci\u00f3n tiene dentro de sus objetivos, desarrollar las \u00e1reas de Investigaci\u00f3n, Postgrado, Extensi\u00f3n y Vinculaci\u00f3n con el Medio. Buscando promover la neurorehabilitaci\u00f3n a nivel regional y nacional.<\/p>\n\n\n\n<hr class=\"wp-block-separator has-alpha-channel-opacity is-style-wide\"\/>\n\n\n\n<figure class=\"wp-block-image size-large\"><img loading=\"lazy\" decoding=\"async\" width=\"1024\" height=\"672\" src=\"https:\/\/neuroaraucania.com\/wp-content\/uploads\/2024\/07\/areaB-1024x672.jpg\" alt=\"\" class=\"wp-image-132\" srcset=\"https:\/\/neuroaraucania.com\/wp-content\/uploads\/2024\/07\/areaB-1024x672.jpg 1024w, https:\/\/neuroaraucania.com\/wp-content\/uploads\/2024\/07\/areaB-300x197.jpg 300w, https:\/\/neuroaraucania.com\/wp-content\/uploads\/2024\/07\/areaB-768x504.jpg 768w, https:\/\/neuroaraucania.com\/wp-content\/uploads\/2024\/07\/areaB-1536x1008.jpg 1536w, https:\/\/neuroaraucania.com\/wp-content\/uploads\/2024\/07\/areaB.jpg 1890w\" sizes=\"auto, (max-width: 767px) 89vw, (max-width: 1000px) 54vw, (max-width: 1071px) 543px, 580px\" \/><\/figure>\n\n\n\n<p><\/p>\n\n\n\n<p class=\"has-background\" style=\"background-color:#d4d9c0;line-height:0.4\"><strong>Investigaci\u00f3n y Postgrado<\/strong><\/p>\n\n\n\n<p><strong><mark style=\"background-color:rgba(0, 0, 0, 0);color:#17469d\" class=\"has-inline-color\">Objetivos:<\/mark><\/strong><\/p>\n\n\n\n<ul class=\"wp-block-list\">\n<li>Potenciar el programa de mentores en \u00e1reas vinculadas a neurorrehabilitaci\u00f3n infantil y del adulto en Chile.<\/li>\n\n\n\n<li>Generar l\u00edneas de investigaci\u00f3n en neurorrehabilitaci\u00f3n infantil y del adulto.<\/li>\n\n\n\n<li>Identificar y postular a fondos concursables.<\/li>\n\n\n\n<li>Generar y desarrollar proyectos de investigaci\u00f3n y cursos de formaci\u00f3n.<\/li>\n\n\n\n<li>Generar evidencia cient\u00edfica en neurorrehabilitaci\u00f3n infantil y del adulto.<\/li>\n\n\n\n<li>Difundir en eventos cient\u00edficos las actividades cient\u00edficas de la red.<\/li>\n<\/ul>\n\n\n\n<hr class=\"wp-block-separator has-alpha-channel-opacity is-style-wide\"\/>\n\n\n\n<figure class=\"wp-block-image size-large\"><img loading=\"lazy\" decoding=\"async\" width=\"1024\" height=\"672\" src=\"https:\/\/neuroaraucania.com\/wp-content\/uploads\/2024\/07\/areaC-1024x672.jpg\" alt=\"\" class=\"wp-image-133\" srcset=\"https:\/\/neuroaraucania.com\/wp-content\/uploads\/2024\/07\/areaC-1024x672.jpg 1024w, https:\/\/neuroaraucania.com\/wp-content\/uploads\/2024\/07\/areaC-300x197.jpg 300w, https:\/\/neuroaraucania.com\/wp-content\/uploads\/2024\/07\/areaC-768x504.jpg 768w, https:\/\/neuroaraucania.com\/wp-content\/uploads\/2024\/07\/areaC-1536x1008.jpg 1536w, https:\/\/neuroaraucania.com\/wp-content\/uploads\/2024\/07\/areaC.jpg 1890w\" sizes=\"auto, (max-width: 767px) 89vw, (max-width: 1000px) 54vw, (max-width: 1071px) 543px, 580px\" \/><\/figure>\n\n\n\n<p><\/p>\n\n\n\n<p class=\"has-background\" style=\"background-color:#d4d9c0;line-height:0.4\"><strong>Extensi\u00f3n y Vinculaci\u00f3n<\/strong><\/p>\n\n\n\n<p><strong><mark style=\"background-color:rgba(0, 0, 0, 0);color:#17469d\" class=\"has-inline-color\">Objetivos:<\/mark><\/strong><\/p>\n\n\n\n<ul class=\"wp-block-list\">\n<li>Promover el desarrollo y vinculaci\u00f3n de la Red con instituciones a nivel regional y nacional.<\/li>\n\n\n\n<li>Identificar \u00e1reas de inter\u00e9s a desarrollar entre los profesionales del \u00e1rea.<\/li>\n\n\n\n<li>Generar un calendario de actividades orientadas a la comunidad.<\/li>\n\n\n\n<li>Promover la difusi\u00f3n de las actividades de formaci\u00f3n.<\/li>\n\n\n\n<li>Difundir la red de neurorrehabilitaci\u00f3n hacia la comunidad.<\/li>\n\n\n\n<li>Vincular a la Red con sociedades cient\u00edficas del \u00e1rea a nivel nacional.<\/li>\n<\/ul>\n","protected":false},"excerpt":{"rendered":"<p>\u00c1reas de trabajo El equipo de profesionales que conforma la Red de Neurorehabilitaci\u00f3n tiene dentro de sus objetivos, desarrollar las \u00e1reas de Investigaci\u00f3n, Postgrado, Extensi\u00f3n y Vinculaci\u00f3n con el Medio. Buscando promover la neurorehabilitaci\u00f3n a nivel regional y nacional. Investigaci\u00f3n y Postgrado Objetivos: Extensi\u00f3n y Vinculaci\u00f3n Objetivos:<\/p>\n","protected":false},"author":1,"featured_media":0,"parent":0,"menu_order":0,"comment_status":"closed","ping_status":"closed","template":"","meta":{"footnotes":""},"class_list":["post-130","page","type-page","status-publish","hentry"],"yoast_head":"<!-- This site is optimized with the Yoast SEO plugin v23.0 - https:\/\/yoast.com\/wordpress\/plugins\/seo\/ -->\n<title>\u00c1reas de Trabajo - Red NeuroRehabilitaci\u00f3n<\/title>\n<meta name=\"robots\" content=\"index, follow, max-snippet:-1, max-image-preview:large, max-video-preview:-1\" \/>\n<link rel=\"canonical\" href=\"https:\/\/neuroaraucania.com\/?page_id=130\" \/>\n<meta property=\"og:locale\" content=\"es_ES\" \/>\n<meta property=\"og:type\" content=\"article\" \/>\n<meta property=\"og:title\" content=\"\u00c1reas de Trabajo - Red NeuroRehabilitaci\u00f3n\" \/>\n<meta property=\"og:description\" content=\"\u00c1reas de trabajo El equipo de profesionales que conforma la Red de Neurorehabilitaci\u00f3n tiene dentro de sus objetivos, desarrollar las \u00e1reas de Investigaci\u00f3n, Postgrado, Extensi\u00f3n y Vinculaci\u00f3n con el Medio. Buscando promover la neurorehabilitaci\u00f3n a nivel regional y nacional. Investigaci\u00f3n y Postgrado Objetivos: Extensi\u00f3n y Vinculaci\u00f3n Objetivos:\" \/>\n<meta property=\"og:url\" content=\"https:\/\/neuroaraucania.com\/?page_id=130\" \/>\n<meta property=\"og:site_name\" content=\"Red NeuroRehabilitaci\u00f3n\" \/>\n<meta property=\"article:modified_time\" content=\"2024-07-17T00:15:43+00:00\" \/>\n<meta property=\"og:image\" content=\"https:\/\/neuroaraucania.com\/wp-content\/uploads\/2024\/07\/areaA-1024x672.jpg\" \/>\n<meta name=\"twitter:card\" content=\"summary_large_image\" \/>\n<meta name=\"twitter:label1\" content=\"Tiempo de lectura\" \/>\n\t<meta name=\"twitter:data1\" content=\"2 minutos\" \/>\n<script type=\"application\/ld+json\" class=\"yoast-schema-graph\">{\"@context\":\"https:\/\/schema.org\",\"@graph\":[{\"@type\":\"WebPage\",\"@id\":\"https:\/\/neuroaraucania.com\/?page_id=130\",\"url\":\"https:\/\/neuroaraucania.com\/?page_id=130\",\"name\":\"\u00c1reas de Trabajo - Red NeuroRehabilitaci\u00f3n\",\"isPartOf\":{\"@id\":\"https:\/\/neuroaraucania.com\/#website\"},\"primaryImageOfPage\":{\"@id\":\"https:\/\/neuroaraucania.com\/?page_id=130#primaryimage\"},\"image\":{\"@id\":\"https:\/\/neuroaraucania.com\/?page_id=130#primaryimage\"},\"thumbnailUrl\":\"https:\/\/neuroaraucania.com\/wp-content\/uploads\/2024\/07\/areaA-1024x672.jpg\",\"datePublished\":\"2024-07-16T01:26:31+00:00\",\"dateModified\":\"2024-07-17T00:15:43+00:00\",\"breadcrumb\":{\"@id\":\"https:\/\/neuroaraucania.com\/?page_id=130#breadcrumb\"},\"inLanguage\":\"es\",\"potentialAction\":[{\"@type\":\"ReadAction\",\"target\":[\"https:\/\/neuroaraucania.com\/?page_id=130\"]}]},{\"@type\":\"ImageObject\",\"inLanguage\":\"es\",\"@id\":\"https:\/\/neuroaraucania.com\/?page_id=130#primaryimage\",\"url\":\"https:\/\/neuroaraucania.com\/wp-content\/uploads\/2024\/07\/areaA.jpg\",\"contentUrl\":\"https:\/\/neuroaraucania.com\/wp-content\/uploads\/2024\/07\/areaA.jpg\",\"width\":1890,\"height\":1240},{\"@type\":\"BreadcrumbList\",\"@id\":\"https:\/\/neuroaraucania.com\/?page_id=130#breadcrumb\",\"itemListElement\":[{\"@type\":\"ListItem\",\"position\":1,\"name\":\"Portada\",\"item\":\"https:\/\/neuroaraucania.com\/\"},{\"@type\":\"ListItem\",\"position\":2,\"name\":\"\u00c1reas de Trabajo\"}]},{\"@type\":\"WebSite\",\"@id\":\"https:\/\/neuroaraucania.com\/#website\",\"url\":\"https:\/\/neuroaraucania.com\/\",\"name\":\"Red NeuroRehabilitaci\u00f3n\",\"description\":\"Araucan\u00eda\",\"publisher\":{\"@id\":\"https:\/\/neuroaraucania.com\/#organization\"},\"potentialAction\":[{\"@type\":\"SearchAction\",\"target\":{\"@type\":\"EntryPoint\",\"urlTemplate\":\"https:\/\/neuroaraucania.com\/?s={search_term_string}\"},\"query-input\":\"required name=search_term_string\"}],\"inLanguage\":\"es\"},{\"@type\":\"Organization\",\"@id\":\"https:\/\/neuroaraucania.com\/#organization\",\"name\":\"Red NeuroRehabilitaci\u00f3n\",\"url\":\"https:\/\/neuroaraucania.com\/\",\"logo\":{\"@type\":\"ImageObject\",\"inLanguage\":\"es\",\"@id\":\"https:\/\/neuroaraucania.com\/#\/schema\/logo\/image\/\",\"url\":\"https:\/\/neuroaraucania.com\/wp-content\/uploads\/2024\/07\/cropped-logodelsitio.png\",\"contentUrl\":\"https:\/\/neuroaraucania.com\/wp-content\/uploads\/2024\/07\/cropped-logodelsitio.png\",\"width\":250,\"height\":250,\"caption\":\"Red NeuroRehabilitaci\u00f3n\"},\"image\":{\"@id\":\"https:\/\/neuroaraucania.com\/#\/schema\/logo\/image\/\"}}]}<\/script>\n<!-- \/ Yoast SEO plugin. -->","yoast_head_json":{"title":"\u00c1reas de Trabajo - Red NeuroRehabilitaci\u00f3n","robots":{"index":"index","follow":"follow","max-snippet":"max-snippet:-1","max-image-preview":"max-image-preview:large","max-video-preview":"max-video-preview:-1"},"canonical":"https:\/\/neuroaraucania.com\/?page_id=130","og_locale":"es_ES","og_type":"article","og_title":"\u00c1reas de Trabajo - Red NeuroRehabilitaci\u00f3n","og_description":"\u00c1reas de trabajo El equipo de profesionales que conforma la Red de Neurorehabilitaci\u00f3n tiene dentro de sus objetivos, desarrollar las \u00e1reas de Investigaci\u00f3n, Postgrado, Extensi\u00f3n y Vinculaci\u00f3n con el Medio. Buscando promover la neurorehabilitaci\u00f3n a nivel regional y nacional. Investigaci\u00f3n y Postgrado Objetivos: Extensi\u00f3n y Vinculaci\u00f3n Objetivos:","og_url":"https:\/\/neuroaraucania.com\/?page_id=130","og_site_name":"Red NeuroRehabilitaci\u00f3n","article_modified_time":"2024-07-17T00:15:43+00:00","og_image":[{"url":"https:\/\/neuroaraucania.com\/wp-content\/uploads\/2024\/07\/areaA-1024x672.jpg"}],"twitter_card":"summary_large_image","twitter_misc":{"Tiempo de lectura":"2 minutos"},"schema":{"@context":"https:\/\/schema.org","@graph":[{"@type":"WebPage","@id":"https:\/\/neuroaraucania.com\/?page_id=130","url":"https:\/\/neuroaraucania.com\/?page_id=130","name":"\u00c1reas de Trabajo - Red NeuroRehabilitaci\u00f3n","isPartOf":{"@id":"https:\/\/neuroaraucania.com\/#website"},"primaryImageOfPage":{"@id":"https:\/\/neuroaraucania.com\/?page_id=130#primaryimage"},"image":{"@id":"https:\/\/neuroaraucania.com\/?page_id=130#primaryimage"},"thumbnailUrl":"https:\/\/neuroaraucania.com\/wp-content\/uploads\/2024\/07\/areaA-1024x672.jpg","datePublished":"2024-07-16T01:26:31+00:00","dateModified":"2024-07-17T00:15:43+00:00","breadcrumb":{"@id":"https:\/\/neuroaraucania.com\/?page_id=130#breadcrumb"},"inLanguage":"es","potentialAction":[{"@type":"ReadAction","target":["https:\/\/neuroaraucania.com\/?page_id=130"]}]},{"@type":"ImageObject","inLanguage":"es","@id":"https:\/\/neuroaraucania.com\/?page_id=130#primaryimage","url":"https:\/\/neuroaraucania.com\/wp-content\/uploads\/2024\/07\/areaA.jpg","contentUrl":"https:\/\/neuroaraucania.com\/wp-content\/uploads\/2024\/07\/areaA.jpg","width":1890,"height":1240},{"@type":"BreadcrumbList","@id":"https:\/\/neuroaraucania.com\/?page_id=130#breadcrumb","itemListElement":[{"@type":"ListItem","position":1,"name":"Portada","item":"https:\/\/neuroaraucania.com\/"},{"@type":"ListItem","position":2,"name":"\u00c1reas de Trabajo"}]},{"@type":"WebSite","@id":"https:\/\/neuroaraucania.com\/#website","url":"https:\/\/neuroaraucania.com\/","name":"Red NeuroRehabilitaci\u00f3n","description":"Araucan\u00eda","publisher":{"@id":"https:\/\/neuroaraucania.com\/#organization"},"potentialAction":[{"@type":"SearchAction","target":{"@type":"EntryPoint","urlTemplate":"https:\/\/neuroaraucania.com\/?s={search_term_string}"},"query-input":"required name=search_term_string"}],"inLanguage":"es"},{"@type":"Organization","@id":"https:\/\/neuroaraucania.com\/#organization","name":"Red NeuroRehabilitaci\u00f3n","url":"https:\/\/neuroaraucania.com\/","logo":{"@type":"ImageObject","inLanguage":"es","@id":"https:\/\/neuroaraucania.com\/#\/schema\/logo\/image\/","url":"https:\/\/neuroaraucania.com\/wp-content\/uploads\/2024\/07\/cropped-logodelsitio.png","contentUrl":"https:\/\/neuroaraucania.com\/wp-content\/uploads\/2024\/07\/cropped-logodelsitio.png","width":250,"height":250,"caption":"Red NeuroRehabilitaci\u00f3n"},"image":{"@id":"https:\/\/neuroaraucania.com\/#\/schema\/logo\/image\/"}}]}},"_links":{"self":[{"href":"https:\/\/neuroaraucania.com\/index.php?rest_route=\/wp\/v2\/pages\/130","targetHints":{"allow":["GET"]}}],"collection":[{"href":"https:\/\/neuroaraucania.com\/index.php?rest_route=\/wp\/v2\/pages"}],"about":[{"href":"https:\/\/neuroaraucania.com\/index.php?rest_route=\/wp\/v2\/types\/page"}],"author":[{"embeddable":true,"href":"https:\/\/neuroaraucania.com\/index.php?rest_route=\/wp\/v2\/users\/1"}],"replies":[{"embeddable":true,"href":"https:\/\/neuroaraucania.com\/index.php?rest_route=%2Fwp%2Fv2%2Fcomments&post=130"}],"version-history":[{"count":6,"href":"https:\/\/neuroaraucania.com\/index.php?rest_route=\/wp\/v2\/pages\/130\/revisions"}],"predecessor-version":[{"id":306,"href":"https:\/\/neuroaraucania.com\/index.php?rest_route=\/wp\/v2\/pages\/130\/revisions\/306"}],"wp:attachment":[{"href":"https:\/\/neuroaraucania.com\/index.php?rest_route=%2Fwp%2Fv2%2Fmedia&parent=130"}],"curies":[{"name":"wp","href":"https:\/\/api.w.org\/{rel}","templated":true}]}}