{"id":161,"date":"2024-07-16T02:17:59","date_gmt":"2024-07-16T02:17:59","guid":{"rendered":"https:\/\/neuroaraucania.com\/?page_id=161"},"modified":"2024-07-16T02:24:00","modified_gmt":"2024-07-16T02:24:00","slug":"preguntas-frecuentes","status":"publish","type":"page","link":"https:\/\/neuroaraucania.com\/?page_id=161","title":{"rendered":"Preguntas frecuentes"},"content":{"rendered":"\n<p class=\"has-text-color has-background has-link-color wp-elements-95e086aa9d67bd4fc5aa472ce9afa824\" style=\"color:#600dcd;background-color:#ddc5e7\"><strong>\u00bfQu\u00e9 es el Programa Terapia de Restricci\u00f3n Inducida de Movimiento?<\/strong><\/p>\n\n\n\n<p class=\"has-text-color has-background has-link-color wp-elements-e233db0a979ab506441dc41b3e76a5c7\" style=\"color:#600dcd;background-color:#f3ecf6\">Es un programa que busca aplicar una innovadora estrategia de intervenci\u00f3n en modalidad presencial y virtual, con el prop\u00f3sito de mejorar la habilidad del brazo y mano d\u00e9bil a causa de un accidente vascular (ACV). La Terapia se denomina \u201cTerapia de Restricci\u00f3n Inducida de Movimiento\u201d, e involucra el uso de un guante de restricci\u00f3n en el brazo indemne con la finalidad de estimular el uso del brazo d\u00e9bil.<\/p>\n\n\n\n<p class=\"has-text-color has-background has-link-color wp-elements-0b8242cdaf065bcbfb5f92d1c4b82398\" style=\"color:#673c18;background-color:#ebd8b1\"><strong>\u00bfCu\u00e1l es el objetivo del Programa?<\/strong><\/p>\n\n\n\n<p class=\"has-background\" style=\"background-color:#f1ebde\">El primer y m\u00e1s inmediato objetivo es proporcionar a usted una innovadora y efectiva estrategia de tratamiento para rehabilitar su brazo d\u00e9bil. Como equipo buscamos que esta experiencia sea positiva y \u00fatil para usted. Trabajaremos juntos con la finalidad de incrementar la habilidad de uso de su brazo y mano afectados, en su casa.<\/p>\n\n\n\n<p class=\"has-text-color has-background has-link-color wp-elements-292c9b87996a15fe3c5180325b65e2fb\" style=\"color:#600dcd;background-color:#ddc5e7\"><strong>\u00bfHa sido esta terapia \u00fatil en otros pacientes?<\/strong><\/p>\n\n\n\n<p class=\"has-background\" style=\"background-color:#f3ecf6\">Este tipo de tratamiento ha sido aplicado a cientos de pacientes con lesi\u00f3n neurol\u00f3gica en distintos pa\u00edses desde hace dos d\u00e9cadas. Si bien la mejor\u00eda ha sido variada, dependiendo de las complicaciones, la mayor\u00eda de los pacientes ha mostrado un incremento en el uso del brazo y mano d\u00e9bil.<\/p>\n\n\n\n<p class=\"has-text-color has-background has-link-color wp-elements-7122987857c95ad5324c099ecaf4d5eb\" style=\"color:#673c18;background-color:#ebd8b1\"><strong>\u00bfQui\u00e9n es la responsable de este Programa?<\/strong><\/p>\n\n\n\n<p class=\"has-background\" style=\"background-color:#f1ebde\">La responsable es la Dra. Arlette Doussoulin Sanhueza y su equipo de profesionales del Centro de Habilidades Cl\u00ednicas y Red Neurorrehabilitaci\u00f3n Araucan\u00eda.<\/p>\n\n\n\n<p class=\"has-text-color has-background has-link-color wp-elements-7086187a6d375480bb7fc785f27ce50f\" style=\"color:#600dcd;background-color:#ddc5e7\"><strong>\u00bfQui\u00e9nes realizan el proceso de selecci\u00f3n, evaluaci\u00f3n e intervenci\u00f3n?<\/strong><\/p>\n\n\n\n<p class=\"has-background\" style=\"background-color:#f3ecf6\">Los potenciales participantes ser\u00e1n seleccionados y evaluados por profesionales, que incluye neur\u00f3logo, kinesi\u00f3logo y estudiantes de Kinesiolog\u00eda.<\/p>\n\n\n\n<p class=\"has-text-color has-background has-link-color wp-elements-50c730dd8172d853c43d7678256d08cf\" style=\"color:#673c18;background-color:#ebd8b1\"><strong>\u00bfCu\u00e1les son los requisitos para ingresar al programa?<\/strong><\/p>\n\n\n\n<p class=\"has-background\" style=\"background-color:#f1ebde\">\u00b7Mayor de 21 a\u00f1os, con diagn\u00f3stico de un ACV mayor a 6 meses.<br>\u00b7Con debilidad en un solo lado del cuerpo.<br>\u00b7Capaz de seguir instrucciones y sentarse sin apoyo.<br>\u00b7Capaz de mover el brazo d\u00e9bil levemente.<\/p>\n\n\n\n<p class=\"has-text-color has-background has-link-color wp-elements-f4ad2af88004e0da762ff4a893e0a472\" style=\"color:#600dcd;background-color:#ddc5e7\"><strong>\u00bfD\u00f3nde es realizada la terapia?<\/strong><\/p>\n\n\n\n<p class=\"has-background\" style=\"background-color:#f3ecf6\">La evaluaci\u00f3n se realiza en la Facultad de Medicina &#8211; UFRO y la intervenci\u00f3n en el Centro de Habilidades Cl\u00ednicas o en el domicilio, seg\u00fan la modalidad de intervenci\u00f3n.<\/p>\n\n\n\n<p class=\"has-text-color has-background has-link-color wp-elements-ce6f418ac7b629a89c83530369a591b4\" style=\"color:#673c18;background-color:#ebd8b1\"><strong>\u00bfCu\u00e1l es el costo del tratamiento?<\/strong><\/p>\n\n\n\n<p class=\"has-background\" style=\"background-color:#f1ebde\">Una vez que ha sido evaluado y usted cumple con los requisitos, recibe el programa de 10 sesiones por un valor de $ 30.000<\/p>\n\n\n\n<p class=\"has-text-color has-background has-link-color wp-elements-98cf1855a8d01ce3b49578a95ad7c269\" style=\"color:#600dcd;background-color:#ddc5e7\"><strong>\u00bfCu\u00e1nto tiempo dura la intervenci\u00f3n?<\/strong><\/p>\n\n\n\n<p class=\"has-background\" style=\"background-color:#f3ecf6\">El programa es aplicado durante 3 semanas, organizando las sesiones de lunes a viernes. Adem\u00e1s, se realizar\u00e1n 3 evaluaciones, 1 semana antes, al inicio y al finalizar la intervenci\u00f3n.<\/p>\n","protected":false},"excerpt":{"rendered":"<p>\u00bfQu\u00e9 es el Programa Terapia de Restricci\u00f3n Inducida de Movimiento? Es un programa que busca aplicar una innovadora estrategia de intervenci\u00f3n en modalidad presencial y virtual, con el prop\u00f3sito de mejorar la habilidad del brazo y mano d\u00e9bil a causa de un accidente vascular (ACV). La Terapia se denomina \u201cTerapia de Restricci\u00f3n Inducida de Movimiento\u201d, &hellip; <\/p>\n<p class=\"link-more\"><a href=\"https:\/\/neuroaraucania.com\/?page_id=161\" class=\"more-link\">Continuar leyendo<span class=\"screen-reader-text\"> \u00abPreguntas frecuentes\u00bb<\/span><\/a><\/p>\n","protected":false},"author":1,"featured_media":0,"parent":0,"menu_order":0,"comment_status":"closed","ping_status":"closed","template":"","meta":{"footnotes":""},"class_list":["post-161","page","type-page","status-publish","hentry"],"yoast_head":"<!-- This site is optimized with the Yoast SEO plugin v23.0 - https:\/\/yoast.com\/wordpress\/plugins\/seo\/ -->\n<title>Preguntas frecuentes - Red NeuroRehabilitaci\u00f3n<\/title>\n<meta name=\"robots\" content=\"index, follow, max-snippet:-1, max-image-preview:large, max-video-preview:-1\" \/>\n<link rel=\"canonical\" href=\"https:\/\/neuroaraucania.com\/?page_id=161\" \/>\n<meta property=\"og:locale\" content=\"es_ES\" \/>\n<meta property=\"og:type\" content=\"article\" \/>\n<meta property=\"og:title\" content=\"Preguntas frecuentes - Red NeuroRehabilitaci\u00f3n\" \/>\n<meta property=\"og:description\" content=\"\u00bfQu\u00e9 es el Programa Terapia de Restricci\u00f3n Inducida de Movimiento? Es un programa que busca aplicar una innovadora estrategia de intervenci\u00f3n en modalidad presencial y virtual, con el prop\u00f3sito de mejorar la habilidad del brazo y mano d\u00e9bil a causa de un accidente vascular (ACV). La Terapia se denomina \u201cTerapia de Restricci\u00f3n Inducida de Movimiento\u201d, &hellip; Continuar leyendo &quot;Preguntas frecuentes&quot;\" \/>\n<meta property=\"og:url\" content=\"https:\/\/neuroaraucania.com\/?page_id=161\" \/>\n<meta property=\"og:site_name\" content=\"Red NeuroRehabilitaci\u00f3n\" \/>\n<meta property=\"article:modified_time\" content=\"2024-07-16T02:24:00+00:00\" \/>\n<meta name=\"twitter:card\" content=\"summary_large_image\" \/>\n<meta name=\"twitter:label1\" content=\"Tiempo de lectura\" \/>\n\t<meta name=\"twitter:data1\" content=\"2 minutos\" \/>\n<script type=\"application\/ld+json\" class=\"yoast-schema-graph\">{\"@context\":\"https:\/\/schema.org\",\"@graph\":[{\"@type\":\"WebPage\",\"@id\":\"https:\/\/neuroaraucania.com\/?page_id=161\",\"url\":\"https:\/\/neuroaraucania.com\/?page_id=161\",\"name\":\"Preguntas frecuentes - Red NeuroRehabilitaci\u00f3n\",\"isPartOf\":{\"@id\":\"https:\/\/neuroaraucania.com\/#website\"},\"datePublished\":\"2024-07-16T02:17:59+00:00\",\"dateModified\":\"2024-07-16T02:24:00+00:00\",\"breadcrumb\":{\"@id\":\"https:\/\/neuroaraucania.com\/?page_id=161#breadcrumb\"},\"inLanguage\":\"es\",\"potentialAction\":[{\"@type\":\"ReadAction\",\"target\":[\"https:\/\/neuroaraucania.com\/?page_id=161\"]}]},{\"@type\":\"BreadcrumbList\",\"@id\":\"https:\/\/neuroaraucania.com\/?page_id=161#breadcrumb\",\"itemListElement\":[{\"@type\":\"ListItem\",\"position\":1,\"name\":\"Portada\",\"item\":\"https:\/\/neuroaraucania.com\/\"},{\"@type\":\"ListItem\",\"position\":2,\"name\":\"Preguntas frecuentes\"}]},{\"@type\":\"WebSite\",\"@id\":\"https:\/\/neuroaraucania.com\/#website\",\"url\":\"https:\/\/neuroaraucania.com\/\",\"name\":\"Red NeuroRehabilitaci\u00f3n\",\"description\":\"Araucan\u00eda\",\"publisher\":{\"@id\":\"https:\/\/neuroaraucania.com\/#organization\"},\"potentialAction\":[{\"@type\":\"SearchAction\",\"target\":{\"@type\":\"EntryPoint\",\"urlTemplate\":\"https:\/\/neuroaraucania.com\/?s={search_term_string}\"},\"query-input\":\"required name=search_term_string\"}],\"inLanguage\":\"es\"},{\"@type\":\"Organization\",\"@id\":\"https:\/\/neuroaraucania.com\/#organization\",\"name\":\"Red NeuroRehabilitaci\u00f3n\",\"url\":\"https:\/\/neuroaraucania.com\/\",\"logo\":{\"@type\":\"ImageObject\",\"inLanguage\":\"es\",\"@id\":\"https:\/\/neuroaraucania.com\/#\/schema\/logo\/image\/\",\"url\":\"https:\/\/neuroaraucania.com\/wp-content\/uploads\/2024\/07\/cropped-logodelsitio.png\",\"contentUrl\":\"https:\/\/neuroaraucania.com\/wp-content\/uploads\/2024\/07\/cropped-logodelsitio.png\",\"width\":250,\"height\":250,\"caption\":\"Red NeuroRehabilitaci\u00f3n\"},\"image\":{\"@id\":\"https:\/\/neuroaraucania.com\/#\/schema\/logo\/image\/\"}}]}<\/script>\n<!-- \/ Yoast SEO plugin. -->","yoast_head_json":{"title":"Preguntas frecuentes - Red NeuroRehabilitaci\u00f3n","robots":{"index":"index","follow":"follow","max-snippet":"max-snippet:-1","max-image-preview":"max-image-preview:large","max-video-preview":"max-video-preview:-1"},"canonical":"https:\/\/neuroaraucania.com\/?page_id=161","og_locale":"es_ES","og_type":"article","og_title":"Preguntas frecuentes - Red NeuroRehabilitaci\u00f3n","og_description":"\u00bfQu\u00e9 es el Programa Terapia de Restricci\u00f3n Inducida de Movimiento? Es un programa que busca aplicar una innovadora estrategia de intervenci\u00f3n en modalidad presencial y virtual, con el prop\u00f3sito de mejorar la habilidad del brazo y mano d\u00e9bil a causa de un accidente vascular (ACV). La Terapia se denomina \u201cTerapia de Restricci\u00f3n Inducida de Movimiento\u201d, &hellip; Continuar leyendo \"Preguntas frecuentes\"","og_url":"https:\/\/neuroaraucania.com\/?page_id=161","og_site_name":"Red NeuroRehabilitaci\u00f3n","article_modified_time":"2024-07-16T02:24:00+00:00","twitter_card":"summary_large_image","twitter_misc":{"Tiempo de lectura":"2 minutos"},"schema":{"@context":"https:\/\/schema.org","@graph":[{"@type":"WebPage","@id":"https:\/\/neuroaraucania.com\/?page_id=161","url":"https:\/\/neuroaraucania.com\/?page_id=161","name":"Preguntas frecuentes - Red NeuroRehabilitaci\u00f3n","isPartOf":{"@id":"https:\/\/neuroaraucania.com\/#website"},"datePublished":"2024-07-16T02:17:59+00:00","dateModified":"2024-07-16T02:24:00+00:00","breadcrumb":{"@id":"https:\/\/neuroaraucania.com\/?page_id=161#breadcrumb"},"inLanguage":"es","potentialAction":[{"@type":"ReadAction","target":["https:\/\/neuroaraucania.com\/?page_id=161"]}]},{"@type":"BreadcrumbList","@id":"https:\/\/neuroaraucania.com\/?page_id=161#breadcrumb","itemListElement":[{"@type":"ListItem","position":1,"name":"Portada","item":"https:\/\/neuroaraucania.com\/"},{"@type":"ListItem","position":2,"name":"Preguntas frecuentes"}]},{"@type":"WebSite","@id":"https:\/\/neuroaraucania.com\/#website","url":"https:\/\/neuroaraucania.com\/","name":"Red NeuroRehabilitaci\u00f3n","description":"Araucan\u00eda","publisher":{"@id":"https:\/\/neuroaraucania.com\/#organization"},"potentialAction":[{"@type":"SearchAction","target":{"@type":"EntryPoint","urlTemplate":"https:\/\/neuroaraucania.com\/?s={search_term_string}"},"query-input":"required name=search_term_string"}],"inLanguage":"es"},{"@type":"Organization","@id":"https:\/\/neuroaraucania.com\/#organization","name":"Red NeuroRehabilitaci\u00f3n","url":"https:\/\/neuroaraucania.com\/","logo":{"@type":"ImageObject","inLanguage":"es","@id":"https:\/\/neuroaraucania.com\/#\/schema\/logo\/image\/","url":"https:\/\/neuroaraucania.com\/wp-content\/uploads\/2024\/07\/cropped-logodelsitio.png","contentUrl":"https:\/\/neuroaraucania.com\/wp-content\/uploads\/2024\/07\/cropped-logodelsitio.png","width":250,"height":250,"caption":"Red NeuroRehabilitaci\u00f3n"},"image":{"@id":"https:\/\/neuroaraucania.com\/#\/schema\/logo\/image\/"}}]}},"_links":{"self":[{"href":"https:\/\/neuroaraucania.com\/index.php?rest_route=\/wp\/v2\/pages\/161","targetHints":{"allow":["GET"]}}],"collection":[{"href":"https:\/\/neuroaraucania.com\/index.php?rest_route=\/wp\/v2\/pages"}],"about":[{"href":"https:\/\/neuroaraucania.com\/index.php?rest_route=\/wp\/v2\/types\/page"}],"author":[{"embeddable":true,"href":"https:\/\/neuroaraucania.com\/index.php?rest_route=\/wp\/v2\/users\/1"}],"replies":[{"embeddable":true,"href":"https:\/\/neuroaraucania.com\/index.php?rest_route=%2Fwp%2Fv2%2Fcomments&post=161"}],"version-history":[{"count":3,"href":"https:\/\/neuroaraucania.com\/index.php?rest_route=\/wp\/v2\/pages\/161\/revisions"}],"predecessor-version":[{"id":165,"href":"https:\/\/neuroaraucania.com\/index.php?rest_route=\/wp\/v2\/pages\/161\/revisions\/165"}],"wp:attachment":[{"href":"https:\/\/neuroaraucania.com\/index.php?rest_route=%2Fwp%2Fv2%2Fmedia&parent=161"}],"curies":[{"name":"wp","href":"https:\/\/api.w.org\/{rel}","templated":true}]}}