{"id":41,"date":"2024-07-15T14:53:22","date_gmt":"2024-07-15T14:53:22","guid":{"rendered":"https:\/\/neuroaraucania.com\/?page_id=41"},"modified":"2024-07-17T02:03:19","modified_gmt":"2024-07-17T02:03:19","slug":"recursos","status":"publish","type":"page","link":"https:\/\/neuroaraucania.com\/?page_id=41","title":{"rendered":"CIMT"},"content":{"rendered":"\n<p class=\"has-text-color has-background has-link-color wp-elements-ac4f3a009c2c3b0c853e29ad8624678e\" style=\"color:#115084;background-color:#bae0e3;font-size:28px;line-height:1\"><strong>\u00bfQu\u00e9 es CIMT?<\/strong><\/p>\n\n\n\n<p>El enfoque terap\u00e9utico denominado Constraint-Induced Movement Therapy con su sigla en ingl\u00e9s <strong>(CIMT)<\/strong>, o Terapia de Restricci\u00f3n Inducida de Movimiento, se define como una estrategia terap\u00e9utica conductual que promueve el uso repetitivo de la extremidad superior afectada por una lesi\u00f3n neurol\u00f3gica, restringiendo el uso del brazo indemne. La intervenci\u00f3n se realiza a trav\u00e9s de un protocolo estandarizado, conformado por distintas modalidades y recursos.<\/p>\n\n\n\n<figure class=\"wp-block-image size-full is-resized\"><img loading=\"lazy\" decoding=\"async\" width=\"525\" height=\"261\" src=\"https:\/\/neuroaraucania.com\/wp-content\/uploads\/2024\/07\/sin-fondo.png\" alt=\"\" class=\"wp-image-338\" style=\"width:190px;height:auto\" srcset=\"https:\/\/neuroaraucania.com\/wp-content\/uploads\/2024\/07\/sin-fondo.png 525w, https:\/\/neuroaraucania.com\/wp-content\/uploads\/2024\/07\/sin-fondo-300x149.png 300w\" sizes=\"auto, (max-width: 525px) 100vw, 525px\" \/><\/figure>\n\n\n\n<p><\/p>\n\n\n\n<div class=\"wp-block-media-text has-media-on-the-right is-stacked-on-mobile\" style=\"grid-template-columns:auto 57%\"><div class=\"wp-block-media-text__content\">\n<p class=\"has-text-color has-link-color wp-elements-b1633231a0ae6f5765872188b912d162\" style=\"color:#502718\"><strong>M\u00e1s Informaci\u00f3n<\/strong><br>Arlette Doussoulin S.<br>PhD. MSc. PT.<br>Profesor Asociado<br>Facultad de Medicina<br>Universidad de La Frontera<br>Temuco &#8211; Chile<br>arlette.doussoulin@ufrontera.cl<\/p>\n<\/div><figure class=\"wp-block-media-text__media\"><img loading=\"lazy\" decoding=\"async\" width=\"1024\" height=\"682\" src=\"https:\/\/neuroaraucania.com\/wp-content\/uploads\/2024\/07\/original2024-1024x682.jpg\" alt=\"\" class=\"wp-image-336 size-full\" srcset=\"https:\/\/neuroaraucania.com\/wp-content\/uploads\/2024\/07\/original2024-1024x682.jpg 1024w, https:\/\/neuroaraucania.com\/wp-content\/uploads\/2024\/07\/original2024-300x200.jpg 300w, https:\/\/neuroaraucania.com\/wp-content\/uploads\/2024\/07\/original2024-768x512.jpg 768w, https:\/\/neuroaraucania.com\/wp-content\/uploads\/2024\/07\/original2024.jpg 1417w\" sizes=\"auto, (max-width: 767px) 89vw, (max-width: 1000px) 54vw, (max-width: 1071px) 543px, 580px\" \/><\/figure><\/div>\n\n\n\n<p><\/p>\n\n\n\n<hr class=\"wp-block-separator has-alpha-channel-opacity is-style-wide\"\/>\n\n\n\n<p><\/p>\n\n\n\n<p class=\"has-text-color has-background has-link-color wp-elements-f797028f78992402d4dd4be92067dd60\" style=\"color:#463014;background:linear-gradient(135deg,rgb(222,206,181) 0%,rgb(133,121,106) 100%);font-size:24px\"><strong>HISTORIA<\/strong><\/p>\n\n\n\n<div class=\"wp-block-media-text is-stacked-on-mobile has-background\" style=\"background-color:#d3e3e2;grid-template-columns:29% auto\"><figure class=\"wp-block-media-text__media\"><img loading=\"lazy\" decoding=\"async\" width=\"345\" height=\"426\" src=\"https:\/\/neuroaraucania.com\/wp-content\/uploads\/2024\/07\/DrTaub.jpg\" alt=\"\" class=\"wp-image-314 size-full\" srcset=\"https:\/\/neuroaraucania.com\/wp-content\/uploads\/2024\/07\/DrTaub.jpg 345w, https:\/\/neuroaraucania.com\/wp-content\/uploads\/2024\/07\/DrTaub-243x300.jpg 243w\" sizes=\"auto, (max-width: 345px) 100vw, 345px\" \/><\/figure><div class=\"wp-block-media-text__content\">\n<p class=\"has-text-color has-background has-link-color has-medium-font-size wp-elements-60cbbbf7685930c467f4952442730315\" style=\"color:#3e546f;background-color:#9cb3be;line-height:0.2\"><strong>Inicios 1970 &#8211; 1980<\/strong><\/p>\n\n\n\n<p>CIMT, fue derivada desde investigaciones en neurociencias conductual b\u00e1sica por el Dr. Edward Taub, Universidad de Alabama &#8211; USA.<\/p>\n<\/div><\/div>\n\n\n\n<div class=\"wp-block-media-text is-stacked-on-mobile has-background\" style=\"background-color:#e3ded3;grid-template-columns:29% auto\"><figure class=\"wp-block-media-text__media\"><img loading=\"lazy\" decoding=\"async\" width=\"345\" height=\"426\" src=\"https:\/\/neuroaraucania.com\/wp-content\/uploads\/2024\/07\/ufro2009.jpg\" alt=\"\" class=\"wp-image-317 size-full\" srcset=\"https:\/\/neuroaraucania.com\/wp-content\/uploads\/2024\/07\/ufro2009.jpg 345w, https:\/\/neuroaraucania.com\/wp-content\/uploads\/2024\/07\/ufro2009-243x300.jpg 243w\" sizes=\"auto, (max-width: 345px) 100vw, 345px\" \/><\/figure><div class=\"wp-block-media-text__content\">\n<p class=\"has-text-color has-background has-link-color has-medium-font-size wp-elements-9bdbd55a4fdc606e33832af1a3431e33\" style=\"color:#615a44;background-color:#b2a891;line-height:0.2\"><strong>A\u00f1o 2009<\/strong><\/p>\n\n\n\n<p>En Chile, un equipo de profesionales de la Universidad de La Frontera inicio su trabajo y formaci\u00f3n en la terapia, publicando el \u00fanico Manual de la Terapia de Restricci\u00f3n en espa\u00f1ol.<\/p>\n<\/div><\/div>\n\n\n\n<div class=\"wp-block-media-text is-stacked-on-mobile has-background\" style=\"background-color:#dce5c0;grid-template-columns:29% auto\"><figure class=\"wp-block-media-text__media\"><img loading=\"lazy\" decoding=\"async\" width=\"345\" height=\"426\" src=\"https:\/\/neuroaraucania.com\/wp-content\/uploads\/2024\/07\/2013grupo.jpg\" alt=\"\" class=\"wp-image-322 size-full\" srcset=\"https:\/\/neuroaraucania.com\/wp-content\/uploads\/2024\/07\/2013grupo.jpg 345w, https:\/\/neuroaraucania.com\/wp-content\/uploads\/2024\/07\/2013grupo-243x300.jpg 243w\" sizes=\"auto, (max-width: 345px) 100vw, 345px\" \/><\/figure><div class=\"wp-block-media-text__content\">\n<p class=\"has-text-color has-background has-link-color has-medium-font-size wp-elements-61522736fa8b7197a08080d572a62ba2\" style=\"color:#4c6139;background-color:#afc29a;line-height:0.2\"><strong>A\u00f1o 2013<\/strong><\/p>\n\n\n\n<p>A trav\u00e9s de un proyecto FONIS se investigaron los beneficios de la terapia en modalidad grupal, generando evidencia cient\u00edfica, difundida en prestigiosas revistas a nivel internacional y nacional.<\/p>\n<\/div><\/div>\n\n\n\n<div class=\"wp-block-media-text is-stacked-on-mobile has-background\" style=\"background-color:#e6d9ec;grid-template-columns:29% auto\"><figure class=\"wp-block-media-text__media\"><img loading=\"lazy\" decoding=\"async\" width=\"345\" height=\"426\" src=\"https:\/\/neuroaraucania.com\/wp-content\/uploads\/2024\/07\/20202021-1.jpg\" alt=\"\" class=\"wp-image-329 size-full\" srcset=\"https:\/\/neuroaraucania.com\/wp-content\/uploads\/2024\/07\/20202021-1.jpg 345w, https:\/\/neuroaraucania.com\/wp-content\/uploads\/2024\/07\/20202021-1-243x300.jpg 243w\" sizes=\"auto, (max-width: 345px) 100vw, 345px\" \/><\/figure><div class=\"wp-block-media-text__content\">\n<p class=\"has-text-color has-background has-link-color has-medium-font-size wp-elements-4a58bf18615a0b023e341200fb7904f8\" style=\"color:#7e26a6;background-color:#c5aad2;line-height:0.2\"><strong>A\u00f1os 2020 &#8211; 2021<\/strong><\/p>\n\n\n\n<p>Durante la pandemia se incorpora el concepto de TeleCIMT, que hace referencia a su aplicaci\u00f3n en modalidad remota. El 2021 se adjudican fondos (DIUFRO) para generar evidencia en relaci\u00f3n con esta modalidad.<\/p>\n<\/div><\/div>\n","protected":false},"excerpt":{"rendered":"<p>\u00bfQu\u00e9 es CIMT? El enfoque terap\u00e9utico denominado Constraint-Induced Movement Therapy con su sigla en ingl\u00e9s (CIMT), o Terapia de Restricci\u00f3n Inducida de Movimiento, se define como una estrategia terap\u00e9utica conductual que promueve el uso repetitivo de la extremidad superior afectada por una lesi\u00f3n neurol\u00f3gica, restringiendo el uso del brazo indemne. La intervenci\u00f3n se realiza a &hellip; <\/p>\n<p class=\"link-more\"><a href=\"https:\/\/neuroaraucania.com\/?page_id=41\" class=\"more-link\">Continuar leyendo<span class=\"screen-reader-text\"> \u00abCIMT\u00bb<\/span><\/a><\/p>\n","protected":false},"author":1,"featured_media":312,"parent":0,"menu_order":0,"comment_status":"closed","ping_status":"closed","template":"","meta":{"footnotes":""},"class_list":["post-41","page","type-page","status-publish","has-post-thumbnail","hentry"],"yoast_head":"<!-- This site is optimized with the Yoast SEO plugin v23.0 - https:\/\/yoast.com\/wordpress\/plugins\/seo\/ -->\n<title>CIMT - Red NeuroRehabilitaci\u00f3n<\/title>\n<meta name=\"robots\" content=\"index, follow, max-snippet:-1, max-image-preview:large, max-video-preview:-1\" \/>\n<link rel=\"canonical\" href=\"https:\/\/neuroaraucania.com\/?page_id=41\" \/>\n<meta property=\"og:locale\" content=\"es_ES\" \/>\n<meta property=\"og:type\" content=\"article\" \/>\n<meta property=\"og:title\" content=\"CIMT - Red NeuroRehabilitaci\u00f3n\" \/>\n<meta property=\"og:description\" content=\"\u00bfQu\u00e9 es CIMT? El enfoque terap\u00e9utico denominado Constraint-Induced Movement Therapy con su sigla en ingl\u00e9s (CIMT), o Terapia de Restricci\u00f3n Inducida de Movimiento, se define como una estrategia terap\u00e9utica conductual que promueve el uso repetitivo de la extremidad superior afectada por una lesi\u00f3n neurol\u00f3gica, restringiendo el uso del brazo indemne. La intervenci\u00f3n se realiza a &hellip; Continuar leyendo &quot;CIMT&quot;\" \/>\n<meta property=\"og:url\" content=\"https:\/\/neuroaraucania.com\/?page_id=41\" \/>\n<meta property=\"og:site_name\" content=\"Red NeuroRehabilitaci\u00f3n\" \/>\n<meta property=\"article:modified_time\" content=\"2024-07-17T02:03:19+00:00\" \/>\n<meta property=\"og:image\" content=\"https:\/\/neuroaraucania.com\/wp-content\/uploads\/2024\/07\/terapia-imagen.jpg\" \/>\n\t<meta property=\"og:image:width\" content=\"2000\" \/>\n\t<meta property=\"og:image:height\" content=\"353\" \/>\n\t<meta property=\"og:image:type\" content=\"image\/jpeg\" \/>\n<meta name=\"twitter:card\" content=\"summary_large_image\" \/>\n<meta name=\"twitter:label1\" content=\"Tiempo de lectura\" \/>\n\t<meta name=\"twitter:data1\" content=\"3 minutos\" \/>\n<script type=\"application\/ld+json\" class=\"yoast-schema-graph\">{\"@context\":\"https:\/\/schema.org\",\"@graph\":[{\"@type\":\"WebPage\",\"@id\":\"https:\/\/neuroaraucania.com\/?page_id=41\",\"url\":\"https:\/\/neuroaraucania.com\/?page_id=41\",\"name\":\"CIMT - Red NeuroRehabilitaci\u00f3n\",\"isPartOf\":{\"@id\":\"https:\/\/neuroaraucania.com\/#website\"},\"primaryImageOfPage\":{\"@id\":\"https:\/\/neuroaraucania.com\/?page_id=41#primaryimage\"},\"image\":{\"@id\":\"https:\/\/neuroaraucania.com\/?page_id=41#primaryimage\"},\"thumbnailUrl\":\"https:\/\/neuroaraucania.com\/wp-content\/uploads\/2024\/07\/terapia-imagen.jpg\",\"datePublished\":\"2024-07-15T14:53:22+00:00\",\"dateModified\":\"2024-07-17T02:03:19+00:00\",\"breadcrumb\":{\"@id\":\"https:\/\/neuroaraucania.com\/?page_id=41#breadcrumb\"},\"inLanguage\":\"es\",\"potentialAction\":[{\"@type\":\"ReadAction\",\"target\":[\"https:\/\/neuroaraucania.com\/?page_id=41\"]}]},{\"@type\":\"ImageObject\",\"inLanguage\":\"es\",\"@id\":\"https:\/\/neuroaraucania.com\/?page_id=41#primaryimage\",\"url\":\"https:\/\/neuroaraucania.com\/wp-content\/uploads\/2024\/07\/terapia-imagen.jpg\",\"contentUrl\":\"https:\/\/neuroaraucania.com\/wp-content\/uploads\/2024\/07\/terapia-imagen.jpg\",\"width\":2000,\"height\":353},{\"@type\":\"BreadcrumbList\",\"@id\":\"https:\/\/neuroaraucania.com\/?page_id=41#breadcrumb\",\"itemListElement\":[{\"@type\":\"ListItem\",\"position\":1,\"name\":\"Portada\",\"item\":\"https:\/\/neuroaraucania.com\/\"},{\"@type\":\"ListItem\",\"position\":2,\"name\":\"CIMT\"}]},{\"@type\":\"WebSite\",\"@id\":\"https:\/\/neuroaraucania.com\/#website\",\"url\":\"https:\/\/neuroaraucania.com\/\",\"name\":\"Red NeuroRehabilitaci\u00f3n\",\"description\":\"Araucan\u00eda\",\"publisher\":{\"@id\":\"https:\/\/neuroaraucania.com\/#organization\"},\"potentialAction\":[{\"@type\":\"SearchAction\",\"target\":{\"@type\":\"EntryPoint\",\"urlTemplate\":\"https:\/\/neuroaraucania.com\/?s={search_term_string}\"},\"query-input\":\"required name=search_term_string\"}],\"inLanguage\":\"es\"},{\"@type\":\"Organization\",\"@id\":\"https:\/\/neuroaraucania.com\/#organization\",\"name\":\"Red NeuroRehabilitaci\u00f3n\",\"url\":\"https:\/\/neuroaraucania.com\/\",\"logo\":{\"@type\":\"ImageObject\",\"inLanguage\":\"es\",\"@id\":\"https:\/\/neuroaraucania.com\/#\/schema\/logo\/image\/\",\"url\":\"https:\/\/neuroaraucania.com\/wp-content\/uploads\/2024\/07\/cropped-logodelsitio.png\",\"contentUrl\":\"https:\/\/neuroaraucania.com\/wp-content\/uploads\/2024\/07\/cropped-logodelsitio.png\",\"width\":250,\"height\":250,\"caption\":\"Red NeuroRehabilitaci\u00f3n\"},\"image\":{\"@id\":\"https:\/\/neuroaraucania.com\/#\/schema\/logo\/image\/\"}}]}<\/script>\n<!-- \/ Yoast SEO plugin. -->","yoast_head_json":{"title":"CIMT - Red NeuroRehabilitaci\u00f3n","robots":{"index":"index","follow":"follow","max-snippet":"max-snippet:-1","max-image-preview":"max-image-preview:large","max-video-preview":"max-video-preview:-1"},"canonical":"https:\/\/neuroaraucania.com\/?page_id=41","og_locale":"es_ES","og_type":"article","og_title":"CIMT - Red NeuroRehabilitaci\u00f3n","og_description":"\u00bfQu\u00e9 es CIMT? El enfoque terap\u00e9utico denominado Constraint-Induced Movement Therapy con su sigla en ingl\u00e9s (CIMT), o Terapia de Restricci\u00f3n Inducida de Movimiento, se define como una estrategia terap\u00e9utica conductual que promueve el uso repetitivo de la extremidad superior afectada por una lesi\u00f3n neurol\u00f3gica, restringiendo el uso del brazo indemne. La intervenci\u00f3n se realiza a &hellip; Continuar leyendo \"CIMT\"","og_url":"https:\/\/neuroaraucania.com\/?page_id=41","og_site_name":"Red NeuroRehabilitaci\u00f3n","article_modified_time":"2024-07-17T02:03:19+00:00","og_image":[{"width":2000,"height":353,"url":"https:\/\/neuroaraucania.com\/wp-content\/uploads\/2024\/07\/terapia-imagen.jpg","type":"image\/jpeg"}],"twitter_card":"summary_large_image","twitter_misc":{"Tiempo de lectura":"3 minutos"},"schema":{"@context":"https:\/\/schema.org","@graph":[{"@type":"WebPage","@id":"https:\/\/neuroaraucania.com\/?page_id=41","url":"https:\/\/neuroaraucania.com\/?page_id=41","name":"CIMT - Red NeuroRehabilitaci\u00f3n","isPartOf":{"@id":"https:\/\/neuroaraucania.com\/#website"},"primaryImageOfPage":{"@id":"https:\/\/neuroaraucania.com\/?page_id=41#primaryimage"},"image":{"@id":"https:\/\/neuroaraucania.com\/?page_id=41#primaryimage"},"thumbnailUrl":"https:\/\/neuroaraucania.com\/wp-content\/uploads\/2024\/07\/terapia-imagen.jpg","datePublished":"2024-07-15T14:53:22+00:00","dateModified":"2024-07-17T02:03:19+00:00","breadcrumb":{"@id":"https:\/\/neuroaraucania.com\/?page_id=41#breadcrumb"},"inLanguage":"es","potentialAction":[{"@type":"ReadAction","target":["https:\/\/neuroaraucania.com\/?page_id=41"]}]},{"@type":"ImageObject","inLanguage":"es","@id":"https:\/\/neuroaraucania.com\/?page_id=41#primaryimage","url":"https:\/\/neuroaraucania.com\/wp-content\/uploads\/2024\/07\/terapia-imagen.jpg","contentUrl":"https:\/\/neuroaraucania.com\/wp-content\/uploads\/2024\/07\/terapia-imagen.jpg","width":2000,"height":353},{"@type":"BreadcrumbList","@id":"https:\/\/neuroaraucania.com\/?page_id=41#breadcrumb","itemListElement":[{"@type":"ListItem","position":1,"name":"Portada","item":"https:\/\/neuroaraucania.com\/"},{"@type":"ListItem","position":2,"name":"CIMT"}]},{"@type":"WebSite","@id":"https:\/\/neuroaraucania.com\/#website","url":"https:\/\/neuroaraucania.com\/","name":"Red NeuroRehabilitaci\u00f3n","description":"Araucan\u00eda","publisher":{"@id":"https:\/\/neuroaraucania.com\/#organization"},"potentialAction":[{"@type":"SearchAction","target":{"@type":"EntryPoint","urlTemplate":"https:\/\/neuroaraucania.com\/?s={search_term_string}"},"query-input":"required name=search_term_string"}],"inLanguage":"es"},{"@type":"Organization","@id":"https:\/\/neuroaraucania.com\/#organization","name":"Red NeuroRehabilitaci\u00f3n","url":"https:\/\/neuroaraucania.com\/","logo":{"@type":"ImageObject","inLanguage":"es","@id":"https:\/\/neuroaraucania.com\/#\/schema\/logo\/image\/","url":"https:\/\/neuroaraucania.com\/wp-content\/uploads\/2024\/07\/cropped-logodelsitio.png","contentUrl":"https:\/\/neuroaraucania.com\/wp-content\/uploads\/2024\/07\/cropped-logodelsitio.png","width":250,"height":250,"caption":"Red NeuroRehabilitaci\u00f3n"},"image":{"@id":"https:\/\/neuroaraucania.com\/#\/schema\/logo\/image\/"}}]}},"_links":{"self":[{"href":"https:\/\/neuroaraucania.com\/index.php?rest_route=\/wp\/v2\/pages\/41","targetHints":{"allow":["GET"]}}],"collection":[{"href":"https:\/\/neuroaraucania.com\/index.php?rest_route=\/wp\/v2\/pages"}],"about":[{"href":"https:\/\/neuroaraucania.com\/index.php?rest_route=\/wp\/v2\/types\/page"}],"author":[{"embeddable":true,"href":"https:\/\/neuroaraucania.com\/index.php?rest_route=\/wp\/v2\/users\/1"}],"replies":[{"embeddable":true,"href":"https:\/\/neuroaraucania.com\/index.php?rest_route=%2Fwp%2Fv2%2Fcomments&post=41"}],"version-history":[{"count":16,"href":"https:\/\/neuroaraucania.com\/index.php?rest_route=\/wp\/v2\/pages\/41\/revisions"}],"predecessor-version":[{"id":345,"href":"https:\/\/neuroaraucania.com\/index.php?rest_route=\/wp\/v2\/pages\/41\/revisions\/345"}],"wp:featuredmedia":[{"embeddable":true,"href":"https:\/\/neuroaraucania.com\/index.php?rest_route=\/wp\/v2\/media\/312"}],"wp:attachment":[{"href":"https:\/\/neuroaraucania.com\/index.php?rest_route=%2Fwp%2Fv2%2Fmedia&parent=41"}],"curies":[{"name":"wp","href":"https:\/\/api.w.org\/{rel}","templated":true}]}}