{"id":538,"date":"2024-08-05T14:21:42","date_gmt":"2024-08-05T14:21:42","guid":{"rendered":"https:\/\/neuroaraucania.com\/?page_id=538"},"modified":"2025-07-12T02:57:06","modified_gmt":"2025-07-12T02:57:06","slug":"afiliacion","status":"publish","type":"page","link":"https:\/\/neuroaraucania.com\/?page_id=538","title":{"rendered":"Afiliaci\u00f3n"},"content":{"rendered":"\n<figure class=\"wp-block-image size-large\"><img loading=\"lazy\" decoding=\"async\" width=\"1024\" height=\"305\" src=\"https:\/\/neuroaraucania.com\/wp-content\/uploads\/2024\/08\/encabezado-afiliacion-1024x305.jpg\" alt=\"\" class=\"wp-image-672\" srcset=\"https:\/\/neuroaraucania.com\/wp-content\/uploads\/2024\/08\/encabezado-afiliacion-1024x305.jpg 1024w, https:\/\/neuroaraucania.com\/wp-content\/uploads\/2024\/08\/encabezado-afiliacion-300x89.jpg 300w, https:\/\/neuroaraucania.com\/wp-content\/uploads\/2024\/08\/encabezado-afiliacion-768x228.jpg 768w, https:\/\/neuroaraucania.com\/wp-content\/uploads\/2024\/08\/encabezado-afiliacion-1536x457.jpg 1536w, https:\/\/neuroaraucania.com\/wp-content\/uploads\/2024\/08\/encabezado-afiliacion.jpg 1873w\" sizes=\"auto, (max-width: 767px) 89vw, (max-width: 1000px) 54vw, (max-width: 1071px) 543px, 580px\" \/><\/figure>\n\n\n\n<p class=\"has-text-align-left\">La Red N\u00e9uro Araucan\u00eda, se constituy\u00f3 el a\u00f1o 2015 con el fin de vincular a profesionales, que trabajan en el \u00e1rea de la n\u00e9uro rehabilitaci\u00f3n.<\/p>\n\n\n\n<p class=\"has-text-align-left\">Es por eso, que hoy somos un equipo interdisciplinario de profesionales de la salud, conformado por fisiatras, fonoaudi\u00f3logos, kinesi\u00f3logos, neur\u00f3logos y terapeutas ocupacionales que se desempe\u00f1an en el \u00e1rea de la neuro rehabilitaci\u00f3n.<\/p>\n\n\n\n<p class=\"has-text-align-left\">Hemos logrado v\u00ednculos nacionales e internacionales, entre los cuales destacan, ser reconocidos desde el a\u00f1o 2016 como miembros de la Federaci\u00f3n Mundial de Neuro Rehabilitaci\u00f3n y desde el a\u00f1o 2022, haber formado una alianza de difusi\u00f3n colaborativa con la Asociaci\u00f3n Latinoamericana de Rehabilitaci\u00f3n Neurol\u00f3gica.<\/p>\n\n\n\n<p class=\"has-text-align-left\">Nuestro objetivo es desarrollar procesos cl\u00ednicos, de investigaci\u00f3n, de extensi\u00f3n y de vinculaci\u00f3n con el medio, con el objetivo de contribuir en la sociedad y promover una mejor calidad de vida e integraci\u00f3n en usuarios con patolog\u00edas neurol\u00f3gicas.<\/p>\n\n\n\n<p class=\"has-text-align-left\">Es por esta raz\u00f3n, que mantenemos actividades con la comunidad, participamos e incentivamos las actividades acad\u00e9micas y de investigaci\u00f3n.<\/p>\n\n\n\n<p class=\"has-text-color has-background has-link-color has-large-font-size wp-elements-bb1378556e65e7a64494e5cd9d31b090\" style=\"color:#9507b1;background-color:#e9daea;line-height:1\"><strong>Nuestros estatutos<\/strong><\/p>\n\n\n\n<p style=\"line-height:1.5\">Te invitamos a leer nuestros estatutos, para que conozcas la estructura interna, los protocolos y funciones establecidas, al momento de ingresar a nuestra organizaci\u00f3n.<\/p>\n\n\n\n<p><strong><a class=\"maxbutton-6 maxbutton maxbutton-estatutos-red-neuroaraucania\" target=\"_blank\" rel=\"noopener\" href=\"https:\/\/neuroaraucania.com\/wp-content\/uploads\/2024\/08\/Estatutos-Red-Neurorehabilitacion.pdf\"><span class='mb-text'>Estatutos<\/span><\/a><\/strong><\/p>\n\n\n\n<p class=\"has-text-color has-background has-link-color has-large-font-size wp-elements-f26706845a3d4d75ef8b67a6424d6d2d\" style=\"color:#9507b1;background-color:#e9daea;line-height:1\"><strong>Valores asociados<\/strong><\/p>\n\n\n\n<p>Los miembros fundadores y naturales, pagan una cuota anual de $20.000, v\u00eda transferencia, que se renueva cada a\u00f1o de manera voluntaria.<\/p>\n\n\n\n<p class=\"has-text-color has-background has-link-color has-large-font-size wp-elements-e036c7512fb954fdd62ad37144e75130\" style=\"color:#9507b1;background-color:#e9daea;line-height:1\"><strong>Inscripci\u00f3n<\/strong><\/p>\n\n\n\n<p style=\"line-height:1.5\">Por favor accede a trav\u00e9s del bot\u00f3n de <strong>inscripci\u00f3n<\/strong>, llena el formulario que aparecer\u00e1 y env\u00eda la informaci\u00f3n para ser evaluada y posteriormente se generar\u00e1 el registro, siendo enviada la confirmaci\u00f3n al correo electr\u00f3nico que hayas  entregado.<\/p>\n\n\n\n<p>&nbsp;<strong><a class=\"maxbutton-7 maxbutton maxbutton-inscripcion-a-la-red\" target=\"_blank\" rel=\"noopener\" href=\"https:\/\/docs.google.com\/forms\/d\/e\/1FAIpQLSfqQxcixSy0w-fB6-U7wtb8NU3LaaMJhMN3hZWGI16qoJawYg\/viewform\"><span class='mb-text'>Inscripci\u00f3n<\/span><\/a><\/strong><\/p>\n","protected":false},"excerpt":{"rendered":"<p>La Red N\u00e9uro Araucan\u00eda, se constituy\u00f3 el a\u00f1o 2015 con el fin de vincular a profesionales, que trabajan en el \u00e1rea de la n\u00e9uro rehabilitaci\u00f3n. Es por eso, que hoy somos un equipo interdisciplinario de profesionales de la salud, conformado por fisiatras, fonoaudi\u00f3logos, kinesi\u00f3logos, neur\u00f3logos y terapeutas ocupacionales que se desempe\u00f1an en el \u00e1rea de &hellip; <\/p>\n<p class=\"link-more\"><a href=\"https:\/\/neuroaraucania.com\/?page_id=538\" class=\"more-link\">Continuar leyendo<span class=\"screen-reader-text\"> \u00abAfiliaci\u00f3n\u00bb<\/span><\/a><\/p>\n","protected":false},"author":1,"featured_media":0,"parent":0,"menu_order":0,"comment_status":"closed","ping_status":"closed","template":"","meta":{"footnotes":""},"class_list":["post-538","page","type-page","status-publish","hentry"],"yoast_head":"<!-- This site is optimized with the Yoast SEO plugin v23.0 - https:\/\/yoast.com\/wordpress\/plugins\/seo\/ -->\n<title>Afiliaci\u00f3n - Red NeuroRehabilitaci\u00f3n<\/title>\n<meta name=\"robots\" content=\"index, follow, max-snippet:-1, max-image-preview:large, max-video-preview:-1\" \/>\n<link rel=\"canonical\" href=\"https:\/\/neuroaraucania.com\/?page_id=538\" \/>\n<meta property=\"og:locale\" content=\"es_ES\" \/>\n<meta property=\"og:type\" content=\"article\" \/>\n<meta property=\"og:title\" content=\"Afiliaci\u00f3n - Red NeuroRehabilitaci\u00f3n\" \/>\n<meta property=\"og:description\" content=\"La Red N\u00e9uro Araucan\u00eda, se constituy\u00f3 el a\u00f1o 2015 con el fin de vincular a profesionales, que trabajan en el \u00e1rea de la n\u00e9uro rehabilitaci\u00f3n. Es por eso, que hoy somos un equipo interdisciplinario de profesionales de la salud, conformado por fisiatras, fonoaudi\u00f3logos, kinesi\u00f3logos, neur\u00f3logos y terapeutas ocupacionales que se desempe\u00f1an en el \u00e1rea de &hellip; Continuar leyendo &quot;Afiliaci\u00f3n&quot;\" \/>\n<meta property=\"og:url\" content=\"https:\/\/neuroaraucania.com\/?page_id=538\" \/>\n<meta property=\"og:site_name\" content=\"Red NeuroRehabilitaci\u00f3n\" \/>\n<meta property=\"article:modified_time\" content=\"2025-07-12T02:57:06+00:00\" \/>\n<meta property=\"og:image\" content=\"https:\/\/neuroaraucania.com\/wp-content\/uploads\/2024\/08\/encabezado-afiliacion-1024x305.jpg\" \/>\n<meta name=\"twitter:card\" content=\"summary_large_image\" \/>\n<meta name=\"twitter:label1\" content=\"Tiempo de lectura\" \/>\n\t<meta name=\"twitter:data1\" content=\"2 minutos\" \/>\n<script type=\"application\/ld+json\" class=\"yoast-schema-graph\">{\"@context\":\"https:\/\/schema.org\",\"@graph\":[{\"@type\":\"WebPage\",\"@id\":\"https:\/\/neuroaraucania.com\/?page_id=538\",\"url\":\"https:\/\/neuroaraucania.com\/?page_id=538\",\"name\":\"Afiliaci\u00f3n - Red NeuroRehabilitaci\u00f3n\",\"isPartOf\":{\"@id\":\"https:\/\/neuroaraucania.com\/#website\"},\"primaryImageOfPage\":{\"@id\":\"https:\/\/neuroaraucania.com\/?page_id=538#primaryimage\"},\"image\":{\"@id\":\"https:\/\/neuroaraucania.com\/?page_id=538#primaryimage\"},\"thumbnailUrl\":\"https:\/\/neuroaraucania.com\/wp-content\/uploads\/2024\/08\/encabezado-afiliacion-1024x305.jpg\",\"datePublished\":\"2024-08-05T14:21:42+00:00\",\"dateModified\":\"2025-07-12T02:57:06+00:00\",\"breadcrumb\":{\"@id\":\"https:\/\/neuroaraucania.com\/?page_id=538#breadcrumb\"},\"inLanguage\":\"es\",\"potentialAction\":[{\"@type\":\"ReadAction\",\"target\":[\"https:\/\/neuroaraucania.com\/?page_id=538\"]}]},{\"@type\":\"ImageObject\",\"inLanguage\":\"es\",\"@id\":\"https:\/\/neuroaraucania.com\/?page_id=538#primaryimage\",\"url\":\"https:\/\/neuroaraucania.com\/wp-content\/uploads\/2024\/08\/encabezado-afiliacion.jpg\",\"contentUrl\":\"https:\/\/neuroaraucania.com\/wp-content\/uploads\/2024\/08\/encabezado-afiliacion.jpg\",\"width\":1873,\"height\":557},{\"@type\":\"BreadcrumbList\",\"@id\":\"https:\/\/neuroaraucania.com\/?page_id=538#breadcrumb\",\"itemListElement\":[{\"@type\":\"ListItem\",\"position\":1,\"name\":\"Portada\",\"item\":\"https:\/\/neuroaraucania.com\/\"},{\"@type\":\"ListItem\",\"position\":2,\"name\":\"Afiliaci\u00f3n\"}]},{\"@type\":\"WebSite\",\"@id\":\"https:\/\/neuroaraucania.com\/#website\",\"url\":\"https:\/\/neuroaraucania.com\/\",\"name\":\"Red NeuroRehabilitaci\u00f3n\",\"description\":\"Araucan\u00eda\",\"publisher\":{\"@id\":\"https:\/\/neuroaraucania.com\/#organization\"},\"potentialAction\":[{\"@type\":\"SearchAction\",\"target\":{\"@type\":\"EntryPoint\",\"urlTemplate\":\"https:\/\/neuroaraucania.com\/?s={search_term_string}\"},\"query-input\":\"required name=search_term_string\"}],\"inLanguage\":\"es\"},{\"@type\":\"Organization\",\"@id\":\"https:\/\/neuroaraucania.com\/#organization\",\"name\":\"Red NeuroRehabilitaci\u00f3n\",\"url\":\"https:\/\/neuroaraucania.com\/\",\"logo\":{\"@type\":\"ImageObject\",\"inLanguage\":\"es\",\"@id\":\"https:\/\/neuroaraucania.com\/#\/schema\/logo\/image\/\",\"url\":\"https:\/\/neuroaraucania.com\/wp-content\/uploads\/2024\/07\/cropped-logodelsitio.png\",\"contentUrl\":\"https:\/\/neuroaraucania.com\/wp-content\/uploads\/2024\/07\/cropped-logodelsitio.png\",\"width\":250,\"height\":250,\"caption\":\"Red NeuroRehabilitaci\u00f3n\"},\"image\":{\"@id\":\"https:\/\/neuroaraucania.com\/#\/schema\/logo\/image\/\"}}]}<\/script>\n<!-- \/ Yoast SEO plugin. -->","yoast_head_json":{"title":"Afiliaci\u00f3n - Red NeuroRehabilitaci\u00f3n","robots":{"index":"index","follow":"follow","max-snippet":"max-snippet:-1","max-image-preview":"max-image-preview:large","max-video-preview":"max-video-preview:-1"},"canonical":"https:\/\/neuroaraucania.com\/?page_id=538","og_locale":"es_ES","og_type":"article","og_title":"Afiliaci\u00f3n - Red NeuroRehabilitaci\u00f3n","og_description":"La Red N\u00e9uro Araucan\u00eda, se constituy\u00f3 el a\u00f1o 2015 con el fin de vincular a profesionales, que trabajan en el \u00e1rea de la n\u00e9uro rehabilitaci\u00f3n. Es por eso, que hoy somos un equipo interdisciplinario de profesionales de la salud, conformado por fisiatras, fonoaudi\u00f3logos, kinesi\u00f3logos, neur\u00f3logos y terapeutas ocupacionales que se desempe\u00f1an en el \u00e1rea de &hellip; Continuar leyendo \"Afiliaci\u00f3n\"","og_url":"https:\/\/neuroaraucania.com\/?page_id=538","og_site_name":"Red NeuroRehabilitaci\u00f3n","article_modified_time":"2025-07-12T02:57:06+00:00","og_image":[{"url":"https:\/\/neuroaraucania.com\/wp-content\/uploads\/2024\/08\/encabezado-afiliacion-1024x305.jpg"}],"twitter_card":"summary_large_image","twitter_misc":{"Tiempo de lectura":"2 minutos"},"schema":{"@context":"https:\/\/schema.org","@graph":[{"@type":"WebPage","@id":"https:\/\/neuroaraucania.com\/?page_id=538","url":"https:\/\/neuroaraucania.com\/?page_id=538","name":"Afiliaci\u00f3n - Red NeuroRehabilitaci\u00f3n","isPartOf":{"@id":"https:\/\/neuroaraucania.com\/#website"},"primaryImageOfPage":{"@id":"https:\/\/neuroaraucania.com\/?page_id=538#primaryimage"},"image":{"@id":"https:\/\/neuroaraucania.com\/?page_id=538#primaryimage"},"thumbnailUrl":"https:\/\/neuroaraucania.com\/wp-content\/uploads\/2024\/08\/encabezado-afiliacion-1024x305.jpg","datePublished":"2024-08-05T14:21:42+00:00","dateModified":"2025-07-12T02:57:06+00:00","breadcrumb":{"@id":"https:\/\/neuroaraucania.com\/?page_id=538#breadcrumb"},"inLanguage":"es","potentialAction":[{"@type":"ReadAction","target":["https:\/\/neuroaraucania.com\/?page_id=538"]}]},{"@type":"ImageObject","inLanguage":"es","@id":"https:\/\/neuroaraucania.com\/?page_id=538#primaryimage","url":"https:\/\/neuroaraucania.com\/wp-content\/uploads\/2024\/08\/encabezado-afiliacion.jpg","contentUrl":"https:\/\/neuroaraucania.com\/wp-content\/uploads\/2024\/08\/encabezado-afiliacion.jpg","width":1873,"height":557},{"@type":"BreadcrumbList","@id":"https:\/\/neuroaraucania.com\/?page_id=538#breadcrumb","itemListElement":[{"@type":"ListItem","position":1,"name":"Portada","item":"https:\/\/neuroaraucania.com\/"},{"@type":"ListItem","position":2,"name":"Afiliaci\u00f3n"}]},{"@type":"WebSite","@id":"https:\/\/neuroaraucania.com\/#website","url":"https:\/\/neuroaraucania.com\/","name":"Red NeuroRehabilitaci\u00f3n","description":"Araucan\u00eda","publisher":{"@id":"https:\/\/neuroaraucania.com\/#organization"},"potentialAction":[{"@type":"SearchAction","target":{"@type":"EntryPoint","urlTemplate":"https:\/\/neuroaraucania.com\/?s={search_term_string}"},"query-input":"required name=search_term_string"}],"inLanguage":"es"},{"@type":"Organization","@id":"https:\/\/neuroaraucania.com\/#organization","name":"Red NeuroRehabilitaci\u00f3n","url":"https:\/\/neuroaraucania.com\/","logo":{"@type":"ImageObject","inLanguage":"es","@id":"https:\/\/neuroaraucania.com\/#\/schema\/logo\/image\/","url":"https:\/\/neuroaraucania.com\/wp-content\/uploads\/2024\/07\/cropped-logodelsitio.png","contentUrl":"https:\/\/neuroaraucania.com\/wp-content\/uploads\/2024\/07\/cropped-logodelsitio.png","width":250,"height":250,"caption":"Red NeuroRehabilitaci\u00f3n"},"image":{"@id":"https:\/\/neuroaraucania.com\/#\/schema\/logo\/image\/"}}]}},"_links":{"self":[{"href":"https:\/\/neuroaraucania.com\/index.php?rest_route=\/wp\/v2\/pages\/538","targetHints":{"allow":["GET"]}}],"collection":[{"href":"https:\/\/neuroaraucania.com\/index.php?rest_route=\/wp\/v2\/pages"}],"about":[{"href":"https:\/\/neuroaraucania.com\/index.php?rest_route=\/wp\/v2\/types\/page"}],"author":[{"embeddable":true,"href":"https:\/\/neuroaraucania.com\/index.php?rest_route=\/wp\/v2\/users\/1"}],"replies":[{"embeddable":true,"href":"https:\/\/neuroaraucania.com\/index.php?rest_route=%2Fwp%2Fv2%2Fcomments&post=538"}],"version-history":[{"count":15,"href":"https:\/\/neuroaraucania.com\/index.php?rest_route=\/wp\/v2\/pages\/538\/revisions"}],"predecessor-version":[{"id":694,"href":"https:\/\/neuroaraucania.com\/index.php?rest_route=\/wp\/v2\/pages\/538\/revisions\/694"}],"wp:attachment":[{"href":"https:\/\/neuroaraucania.com\/index.php?rest_route=%2Fwp%2Fv2%2Fmedia&parent=538"}],"curies":[{"name":"wp","href":"https:\/\/api.w.org\/{rel}","templated":true}]}}