{"id":97,"date":"2024-07-15T22:04:55","date_gmt":"2024-07-15T22:04:55","guid":{"rendered":"https:\/\/neuroaraucania.com\/?page_id=97"},"modified":"2024-07-15T22:22:14","modified_gmt":"2024-07-15T22:22:14","slug":"quienes-somos","status":"publish","type":"page","link":"https:\/\/neuroaraucania.com\/?page_id=97","title":{"rendered":"Qui\u00e9nes somos"},"content":{"rendered":"\n<p>Somos un equipo interdisciplinario de profesionales de la salud, conformado por Fisiatras, Fonoaudi\u00f3logos, Kinesi\u00f3logos, Neurol\u00f3gos y Terapeutas Ocupacionales que se desempe\u00f1an en el \u00e1rea de la neurorehabilitaci\u00f3n.\u200b<\/p>\n\n\n\n<figure class=\"wp-block-image size-full\"><img loading=\"lazy\" decoding=\"async\" width=\"581\" height=\"439\" src=\"https:\/\/neuroaraucania.com\/wp-content\/uploads\/2024\/07\/quienes-somos-B.png\" alt=\"\" class=\"wp-image-115\" srcset=\"https:\/\/neuroaraucania.com\/wp-content\/uploads\/2024\/07\/quienes-somos-B.png 581w, https:\/\/neuroaraucania.com\/wp-content\/uploads\/2024\/07\/quienes-somos-B-300x227.png 300w\" sizes=\"auto, (max-width: 581px) 100vw, 581px\" \/><\/figure>\n\n\n\n<hr class=\"wp-block-separator has-alpha-channel-opacity is-style-wide\"\/>\n\n\n\n<p><strong>Nuestra Misi\u00f3n<\/strong><br>Potenciar procesos cl\u00ednicos, de investigaci\u00f3n, de extensi\u00f3n y de vinculaci\u00f3n con el medio, con el objetivo de contribuir en la sociedad y promover una mejor calidad de vida e integraci\u00f3n en usuarios con patolog\u00edas neurol\u00f3gicas en todas las etapas del ciclo vital.<\/p>\n\n\n\n<p><strong>Nuestra Visi\u00f3n<\/strong><br>Ser un referente a nivel local y nacional en neurorehabilitaci\u00f3n, a trav\u00e9s de la transmisi\u00f3n de nuevos conocimientos e innovaci\u00f3n en el \u00e1rea y con un elevado sentido de compromiso social.<\/p>\n\n\n\n<figure class=\"wp-block-image size-full\"><img loading=\"lazy\" decoding=\"async\" width=\"581\" height=\"439\" src=\"https:\/\/neuroaraucania.com\/wp-content\/uploads\/2024\/07\/mision-vision.jpg\" alt=\"\" class=\"wp-image-118\" srcset=\"https:\/\/neuroaraucania.com\/wp-content\/uploads\/2024\/07\/mision-vision.jpg 581w, https:\/\/neuroaraucania.com\/wp-content\/uploads\/2024\/07\/mision-vision-300x227.jpg 300w\" sizes=\"auto, (max-width: 581px) 100vw, 581px\" \/><\/figure>\n\n\n\n<hr class=\"wp-block-separator has-alpha-channel-opacity is-style-wide\"\/>\n\n\n\n<p><strong>Objetivo General<\/strong><br>Desarrollar procesos cl\u00ednicos, de investigaci\u00f3n, de extensi\u00f3n y de vinculaci\u00f3n con el medio, con el objetivo de contribuir en la sociedad y promover una mejor calidad de vida e integraci\u00f3n en usuarios con patolog\u00edas neurol\u00f3gicas en todas las etapas del ciclo vital.\u200b<\/p>\n\n\n\n<figure class=\"wp-block-image size-full\"><img loading=\"lazy\" decoding=\"async\" width=\"581\" height=\"439\" src=\"https:\/\/neuroaraucania.com\/wp-content\/uploads\/2024\/07\/obj-general.png\" alt=\"\" class=\"wp-image-120\" srcset=\"https:\/\/neuroaraucania.com\/wp-content\/uploads\/2024\/07\/obj-general.png 581w, https:\/\/neuroaraucania.com\/wp-content\/uploads\/2024\/07\/obj-general-300x227.png 300w\" sizes=\"auto, (max-width: 581px) 100vw, 581px\" \/><\/figure>\n\n\n\n<hr class=\"wp-block-separator has-alpha-channel-opacity is-style-wide\"\/>\n\n\n\n<p><strong>Objetivos Espec\u00edficos<\/strong><\/p>\n\n\n\n<ul class=\"wp-block-list\">\n<li> Vincular a profesionales activos en el \u00e1rea de la neurorehabilitaci\u00f3n.<\/li>\n<\/ul>\n\n\n\n<ul class=\"wp-block-list\">\n<li>Fortalecer el \u00e1rea cl\u00ednica de la neurorehabilitaci\u00f3n a nivel regional.<\/li>\n<\/ul>\n\n\n\n<ul class=\"wp-block-list\">\n<li>Promover el desarrollo de investigaci\u00f3n en neurorehabilitaci\u00f3n.<\/li>\n<\/ul>\n\n\n\n<ul class=\"wp-block-list\">\n<li>Promover el desarrollo de actividades de extensi\u00f3n en neurorehabilitaci\u00f3n.<\/li>\n<\/ul>\n\n\n\n<ul class=\"wp-block-list\">\n<li>Fomentar la vinculaci\u00f3n con el medio a trav\u00e9s de actividades vinculadas con neurorehabilitaci\u00f3n.<\/li>\n<\/ul>\n\n\n\n<figure class=\"wp-block-image size-full\"><img loading=\"lazy\" decoding=\"async\" width=\"581\" height=\"439\" src=\"https:\/\/neuroaraucania.com\/wp-content\/uploads\/2024\/07\/obj-especificos.jpg\" alt=\"\" class=\"wp-image-124\" srcset=\"https:\/\/neuroaraucania.com\/wp-content\/uploads\/2024\/07\/obj-especificos.jpg 581w, https:\/\/neuroaraucania.com\/wp-content\/uploads\/2024\/07\/obj-especificos-300x227.jpg 300w\" sizes=\"auto, (max-width: 581px) 100vw, 581px\" \/><\/figure>\n","protected":false},"excerpt":{"rendered":"<p>Somos un equipo interdisciplinario de profesionales de la salud, conformado por Fisiatras, Fonoaudi\u00f3logos, Kinesi\u00f3logos, Neurol\u00f3gos y Terapeutas Ocupacionales que se desempe\u00f1an en el \u00e1rea de la neurorehabilitaci\u00f3n.\u200b Nuestra Misi\u00f3nPotenciar procesos cl\u00ednicos, de investigaci\u00f3n, de extensi\u00f3n y de vinculaci\u00f3n con el medio, con el objetivo de contribuir en la sociedad y promover una mejor calidad de &hellip; <\/p>\n<p class=\"link-more\"><a href=\"https:\/\/neuroaraucania.com\/?page_id=97\" class=\"more-link\">Continuar leyendo<span class=\"screen-reader-text\"> \u00abQui\u00e9nes somos\u00bb<\/span><\/a><\/p>\n","protected":false},"author":1,"featured_media":0,"parent":0,"menu_order":0,"comment_status":"closed","ping_status":"closed","template":"","meta":{"footnotes":""},"class_list":["post-97","page","type-page","status-publish","hentry"],"yoast_head":"<!-- This site is optimized with the Yoast SEO plugin v23.0 - https:\/\/yoast.com\/wordpress\/plugins\/seo\/ -->\n<title>Qui\u00e9nes somos - Red NeuroRehabilitaci\u00f3n<\/title>\n<meta name=\"robots\" content=\"index, follow, max-snippet:-1, max-image-preview:large, max-video-preview:-1\" \/>\n<link rel=\"canonical\" href=\"https:\/\/neuroaraucania.com\/?page_id=97\" \/>\n<meta property=\"og:locale\" content=\"es_ES\" \/>\n<meta property=\"og:type\" content=\"article\" \/>\n<meta property=\"og:title\" content=\"Qui\u00e9nes somos - Red NeuroRehabilitaci\u00f3n\" \/>\n<meta property=\"og:description\" content=\"Somos un equipo interdisciplinario de profesionales de la salud, conformado por Fisiatras, Fonoaudi\u00f3logos, Kinesi\u00f3logos, Neurol\u00f3gos y Terapeutas Ocupacionales que se desempe\u00f1an en el \u00e1rea de la neurorehabilitaci\u00f3n.\u200b Nuestra Misi\u00f3nPotenciar procesos cl\u00ednicos, de investigaci\u00f3n, de extensi\u00f3n y de vinculaci\u00f3n con el medio, con el objetivo de contribuir en la sociedad y promover una mejor calidad de &hellip; Continuar leyendo &quot;Qui\u00e9nes somos&quot;\" \/>\n<meta property=\"og:url\" content=\"https:\/\/neuroaraucania.com\/?page_id=97\" \/>\n<meta property=\"og:site_name\" content=\"Red NeuroRehabilitaci\u00f3n\" \/>\n<meta property=\"article:modified_time\" content=\"2024-07-15T22:22:14+00:00\" \/>\n<meta property=\"og:image\" content=\"https:\/\/neuroaraucania.com\/wp-content\/uploads\/2024\/07\/quienes-somos-B.png\" \/>\n<meta name=\"twitter:card\" content=\"summary_large_image\" \/>\n<meta name=\"twitter:label1\" content=\"Tiempo de lectura\" \/>\n\t<meta name=\"twitter:data1\" content=\"2 minutos\" \/>\n<script type=\"application\/ld+json\" class=\"yoast-schema-graph\">{\"@context\":\"https:\/\/schema.org\",\"@graph\":[{\"@type\":\"WebPage\",\"@id\":\"https:\/\/neuroaraucania.com\/?page_id=97\",\"url\":\"https:\/\/neuroaraucania.com\/?page_id=97\",\"name\":\"Qui\u00e9nes somos - Red NeuroRehabilitaci\u00f3n\",\"isPartOf\":{\"@id\":\"https:\/\/neuroaraucania.com\/#website\"},\"primaryImageOfPage\":{\"@id\":\"https:\/\/neuroaraucania.com\/?page_id=97#primaryimage\"},\"image\":{\"@id\":\"https:\/\/neuroaraucania.com\/?page_id=97#primaryimage\"},\"thumbnailUrl\":\"https:\/\/neuroaraucania.com\/wp-content\/uploads\/2024\/07\/quienes-somos-B.png\",\"datePublished\":\"2024-07-15T22:04:55+00:00\",\"dateModified\":\"2024-07-15T22:22:14+00:00\",\"breadcrumb\":{\"@id\":\"https:\/\/neuroaraucania.com\/?page_id=97#breadcrumb\"},\"inLanguage\":\"es\",\"potentialAction\":[{\"@type\":\"ReadAction\",\"target\":[\"https:\/\/neuroaraucania.com\/?page_id=97\"]}]},{\"@type\":\"ImageObject\",\"inLanguage\":\"es\",\"@id\":\"https:\/\/neuroaraucania.com\/?page_id=97#primaryimage\",\"url\":\"https:\/\/neuroaraucania.com\/wp-content\/uploads\/2024\/07\/quienes-somos-B.png\",\"contentUrl\":\"https:\/\/neuroaraucania.com\/wp-content\/uploads\/2024\/07\/quienes-somos-B.png\",\"width\":581,\"height\":439},{\"@type\":\"BreadcrumbList\",\"@id\":\"https:\/\/neuroaraucania.com\/?page_id=97#breadcrumb\",\"itemListElement\":[{\"@type\":\"ListItem\",\"position\":1,\"name\":\"Portada\",\"item\":\"https:\/\/neuroaraucania.com\/\"},{\"@type\":\"ListItem\",\"position\":2,\"name\":\"Qui\u00e9nes somos\"}]},{\"@type\":\"WebSite\",\"@id\":\"https:\/\/neuroaraucania.com\/#website\",\"url\":\"https:\/\/neuroaraucania.com\/\",\"name\":\"Red NeuroRehabilitaci\u00f3n\",\"description\":\"Araucan\u00eda\",\"publisher\":{\"@id\":\"https:\/\/neuroaraucania.com\/#organization\"},\"potentialAction\":[{\"@type\":\"SearchAction\",\"target\":{\"@type\":\"EntryPoint\",\"urlTemplate\":\"https:\/\/neuroaraucania.com\/?s={search_term_string}\"},\"query-input\":\"required name=search_term_string\"}],\"inLanguage\":\"es\"},{\"@type\":\"Organization\",\"@id\":\"https:\/\/neuroaraucania.com\/#organization\",\"name\":\"Red NeuroRehabilitaci\u00f3n\",\"url\":\"https:\/\/neuroaraucania.com\/\",\"logo\":{\"@type\":\"ImageObject\",\"inLanguage\":\"es\",\"@id\":\"https:\/\/neuroaraucania.com\/#\/schema\/logo\/image\/\",\"url\":\"https:\/\/neuroaraucania.com\/wp-content\/uploads\/2024\/07\/cropped-logodelsitio.png\",\"contentUrl\":\"https:\/\/neuroaraucania.com\/wp-content\/uploads\/2024\/07\/cropped-logodelsitio.png\",\"width\":250,\"height\":250,\"caption\":\"Red NeuroRehabilitaci\u00f3n\"},\"image\":{\"@id\":\"https:\/\/neuroaraucania.com\/#\/schema\/logo\/image\/\"}}]}<\/script>\n<!-- \/ Yoast SEO plugin. -->","yoast_head_json":{"title":"Qui\u00e9nes somos - Red NeuroRehabilitaci\u00f3n","robots":{"index":"index","follow":"follow","max-snippet":"max-snippet:-1","max-image-preview":"max-image-preview:large","max-video-preview":"max-video-preview:-1"},"canonical":"https:\/\/neuroaraucania.com\/?page_id=97","og_locale":"es_ES","og_type":"article","og_title":"Qui\u00e9nes somos - Red NeuroRehabilitaci\u00f3n","og_description":"Somos un equipo interdisciplinario de profesionales de la salud, conformado por Fisiatras, Fonoaudi\u00f3logos, Kinesi\u00f3logos, Neurol\u00f3gos y Terapeutas Ocupacionales que se desempe\u00f1an en el \u00e1rea de la neurorehabilitaci\u00f3n.\u200b Nuestra Misi\u00f3nPotenciar procesos cl\u00ednicos, de investigaci\u00f3n, de extensi\u00f3n y de vinculaci\u00f3n con el medio, con el objetivo de contribuir en la sociedad y promover una mejor calidad de &hellip; Continuar leyendo \"Qui\u00e9nes somos\"","og_url":"https:\/\/neuroaraucania.com\/?page_id=97","og_site_name":"Red NeuroRehabilitaci\u00f3n","article_modified_time":"2024-07-15T22:22:14+00:00","og_image":[{"url":"https:\/\/neuroaraucania.com\/wp-content\/uploads\/2024\/07\/quienes-somos-B.png"}],"twitter_card":"summary_large_image","twitter_misc":{"Tiempo de lectura":"2 minutos"},"schema":{"@context":"https:\/\/schema.org","@graph":[{"@type":"WebPage","@id":"https:\/\/neuroaraucania.com\/?page_id=97","url":"https:\/\/neuroaraucania.com\/?page_id=97","name":"Qui\u00e9nes somos - Red NeuroRehabilitaci\u00f3n","isPartOf":{"@id":"https:\/\/neuroaraucania.com\/#website"},"primaryImageOfPage":{"@id":"https:\/\/neuroaraucania.com\/?page_id=97#primaryimage"},"image":{"@id":"https:\/\/neuroaraucania.com\/?page_id=97#primaryimage"},"thumbnailUrl":"https:\/\/neuroaraucania.com\/wp-content\/uploads\/2024\/07\/quienes-somos-B.png","datePublished":"2024-07-15T22:04:55+00:00","dateModified":"2024-07-15T22:22:14+00:00","breadcrumb":{"@id":"https:\/\/neuroaraucania.com\/?page_id=97#breadcrumb"},"inLanguage":"es","potentialAction":[{"@type":"ReadAction","target":["https:\/\/neuroaraucania.com\/?page_id=97"]}]},{"@type":"ImageObject","inLanguage":"es","@id":"https:\/\/neuroaraucania.com\/?page_id=97#primaryimage","url":"https:\/\/neuroaraucania.com\/wp-content\/uploads\/2024\/07\/quienes-somos-B.png","contentUrl":"https:\/\/neuroaraucania.com\/wp-content\/uploads\/2024\/07\/quienes-somos-B.png","width":581,"height":439},{"@type":"BreadcrumbList","@id":"https:\/\/neuroaraucania.com\/?page_id=97#breadcrumb","itemListElement":[{"@type":"ListItem","position":1,"name":"Portada","item":"https:\/\/neuroaraucania.com\/"},{"@type":"ListItem","position":2,"name":"Qui\u00e9nes somos"}]},{"@type":"WebSite","@id":"https:\/\/neuroaraucania.com\/#website","url":"https:\/\/neuroaraucania.com\/","name":"Red NeuroRehabilitaci\u00f3n","description":"Araucan\u00eda","publisher":{"@id":"https:\/\/neuroaraucania.com\/#organization"},"potentialAction":[{"@type":"SearchAction","target":{"@type":"EntryPoint","urlTemplate":"https:\/\/neuroaraucania.com\/?s={search_term_string}"},"query-input":"required name=search_term_string"}],"inLanguage":"es"},{"@type":"Organization","@id":"https:\/\/neuroaraucania.com\/#organization","name":"Red NeuroRehabilitaci\u00f3n","url":"https:\/\/neuroaraucania.com\/","logo":{"@type":"ImageObject","inLanguage":"es","@id":"https:\/\/neuroaraucania.com\/#\/schema\/logo\/image\/","url":"https:\/\/neuroaraucania.com\/wp-content\/uploads\/2024\/07\/cropped-logodelsitio.png","contentUrl":"https:\/\/neuroaraucania.com\/wp-content\/uploads\/2024\/07\/cropped-logodelsitio.png","width":250,"height":250,"caption":"Red NeuroRehabilitaci\u00f3n"},"image":{"@id":"https:\/\/neuroaraucania.com\/#\/schema\/logo\/image\/"}}]}},"_links":{"self":[{"href":"https:\/\/neuroaraucania.com\/index.php?rest_route=\/wp\/v2\/pages\/97","targetHints":{"allow":["GET"]}}],"collection":[{"href":"https:\/\/neuroaraucania.com\/index.php?rest_route=\/wp\/v2\/pages"}],"about":[{"href":"https:\/\/neuroaraucania.com\/index.php?rest_route=\/wp\/v2\/types\/page"}],"author":[{"embeddable":true,"href":"https:\/\/neuroaraucania.com\/index.php?rest_route=\/wp\/v2\/users\/1"}],"replies":[{"embeddable":true,"href":"https:\/\/neuroaraucania.com\/index.php?rest_route=%2Fwp%2Fv2%2Fcomments&post=97"}],"version-history":[{"count":5,"href":"https:\/\/neuroaraucania.com\/index.php?rest_route=\/wp\/v2\/pages\/97\/revisions"}],"predecessor-version":[{"id":125,"href":"https:\/\/neuroaraucania.com\/index.php?rest_route=\/wp\/v2\/pages\/97\/revisions\/125"}],"wp:attachment":[{"href":"https:\/\/neuroaraucania.com\/index.php?rest_route=%2Fwp%2Fv2%2Fmedia&parent=97"}],"curies":[{"name":"wp","href":"https:\/\/api.w.org\/{rel}","templated":true}]}}